{"id":29480,"date":"2025-12-17T17:48:57","date_gmt":"2025-12-17T16:48:57","guid":{"rendered":"https:\/\/www.celosa.fr\/?page_id=29480"},"modified":"2025-12-18T15:26:59","modified_gmt":"2025-12-18T14:26:59","slug":"mazet-de-charme-jardin-piscine-galerie-toscane","status":"publish","type":"page","link":"https:\/\/www.celosa.fr\/index.php\/mazet-de-charme-jardin-piscine-galerie-toscane\/","title":{"rendered":"Mazet de charme jardin\/piscine &#8220;Galerie Toscane&#8221;"},"content":{"rendered":"<p>[et_pb_section fb_built=&#8221;1&#8243; fullwidth=&#8221;on&#8221; admin_label=&#8221;Hero Section&#8221; _builder_version=&#8221;3.17.6&#8243;][et_pb_fullwidth_header subhead=&#8221;Mazet de charme jardin\/piscine %22Galerie Toscane%22&#8243; background_overlay_color=&#8221;rgba(86,86,86,0.4)&#8221; content_max_width=&#8221;95%&#8221; _builder_version=&#8221;3.17.6&#8243; title_font=&#8221;Poppins|700||on|||||&#8221; title_text_color=&#8221;#edbb5f&#8221; title_font_size=&#8221;14px&#8221; title_letter_spacing=&#8221;2px&#8221; title_line_height=&#8221;1.7em&#8221; content_font=&#8221;Poppins||||||||&#8221; content_font_size=&#8221;16px&#8221; content_letter_spacing=&#8221;1px&#8221; content_line_height=&#8221;2em&#8221; subhead_font=&#8221;Playfair Display|700||on|||||&#8221; subhead_font_size=&#8221;48px&#8221; subhead_letter_spacing=&#8221;3px&#8221; subhead_line_height=&#8221;1.4em&#8221; background_color=&#8221;#7ebec5&#8243; background_image=&#8221;https:\/\/www.celosa.fr\/wp-content\/uploads\/2018\/12\/DSC_2368.jpg&#8221; parallax=&#8221;on&#8221; parallax_method=&#8221;on&#8221; custom_button_two=&#8221;on&#8221; button_two_border_width=&#8221;1px&#8221; button_two_border_color=&#8221;rgba(255,255,255,0.3)&#8221; button_two_border_radius=&#8221;0px&#8221; button_two_letter_spacing=&#8221;1px&#8221; button_two_font=&#8221;Saira Extra Condensed|600||on|||||&#8221; button_two_icon=&#8221;%%3%%&#8221; button_two_icon_color=&#8221;#edbb5f&#8221; custom_button_one=&#8221;on&#8221; button_one_border_width=&#8221;1px&#8221; button_one_border_color=&#8221;rgba(255,255,255,0.3)&#8221; button_one_border_radius=&#8221;0px&#8221; button_one_letter_spacing=&#8221;1px&#8221; button_one_font=&#8221;Saira Extra Condensed|600||on|||||&#8221; button_one_icon=&#8221;%%3%%&#8221; button_one_icon_color=&#8221;#edbb5f&#8221; module_alignment=&#8221;right&#8221; custom_margin=&#8221;|||&#8221; custom_padding=&#8221;8%||50px|&#8221; button_one_text_size__hover_enabled=&#8221;off&#8221; button_one_text_size__hover=&#8221;null&#8221; button_two_text_size__hover_enabled=&#8221;off&#8221; button_two_text_size__hover=&#8221;null&#8221; button_one_text_color__hover_enabled=&#8221;on&#8221; button_one_text_color__hover=&#8221;#edbb5f&#8221; button_two_text_color__hover_enabled=&#8221;on&#8221; button_two_text_color__hover=&#8221;#edbb5f&#8221; button_one_border_width__hover_enabled=&#8221;off&#8221; button_one_border_width__hover=&#8221;null&#8221; button_two_border_width__hover_enabled=&#8221;off&#8221; button_two_border_width__hover=&#8221;null&#8221; button_one_border_color__hover_enabled=&#8221;off&#8221; button_one_border_color__hover=&#8221;null&#8221; button_two_border_color__hover_enabled=&#8221;off&#8221; button_two_border_color__hover=&#8221;null&#8221; button_one_border_radius__hover_enabled=&#8221;off&#8221; button_one_border_radius__hover=&#8221;null&#8221; button_two_border_radius__hover_enabled=&#8221;off&#8221; button_two_border_radius__hover=&#8221;null&#8221; button_one_letter_spacing__hover_enabled=&#8221;off&#8221; button_one_letter_spacing__hover=&#8221;null&#8221; button_two_letter_spacing__hover_enabled=&#8221;off&#8221; button_two_letter_spacing__hover=&#8221;null&#8221; button_one_bg_color__hover_enabled=&#8221;on&#8221; button_one_bg_color__hover=&#8221;rgba(0,0,0,0)&#8221; button_two_bg_color__hover_enabled=&#8221;on&#8221; button_two_bg_color__hover=&#8221;rgba(0,0,0,0)&#8221;][\/et_pb_fullwidth_header][\/et_pb_section][et_pb_section fb_built=&#8221;1&#8243; make_fullwidth=&#8221;on&#8221; specialty=&#8221;on&#8221; custom_padding_last_edited=&#8221;on|phone&#8221; _builder_version=&#8221;3.17.6&#8243; custom_padding=&#8221;0px||0px|&#8221;][et_pb_column type=&#8221;1_2&#8243; _builder_version=&#8221;3.0.47&#8243; parallax__hover=&#8221;off&#8221; parallax_method__hover=&#8221;on&#8221; parallax=&#8221;off&#8221; parallax_method=&#8221;on&#8221;][et_pb_slider _builder_version=&#8221;3.17.6&#8243; background_position=&#8221;top_left&#8221; custom_padding=&#8221;70%|0px|70%|0px&#8221; custom_padding_tablet=&#8221;|||&#8221; saved_tabs=&#8221;all&#8221; button_text_size__hover_enabled=&#8221;off&#8221; button_text_size__hover=&#8221;null&#8221; button_one_text_size__hover_enabled=&#8221;off&#8221; button_one_text_size__hover=&#8221;null&#8221; button_two_text_size__hover_enabled=&#8221;off&#8221; button_two_text_size__hover=&#8221;null&#8221; button_text_color__hover_enabled=&#8221;off&#8221; button_text_color__hover=&#8221;null&#8221; button_one_text_color__hover_enabled=&#8221;off&#8221; button_one_text_color__hover=&#8221;null&#8221; button_two_text_color__hover_enabled=&#8221;off&#8221; button_two_text_color__hover=&#8221;null&#8221; button_border_width__hover_enabled=&#8221;off&#8221; button_border_width__hover=&#8221;null&#8221; button_one_border_width__hover_enabled=&#8221;off&#8221; button_one_border_width__hover=&#8221;null&#8221; button_two_border_width__hover_enabled=&#8221;off&#8221; button_two_border_width__hover=&#8221;null&#8221; button_border_color__hover_enabled=&#8221;off&#8221; button_border_color__hover=&#8221;null&#8221; button_one_border_color__hover_enabled=&#8221;off&#8221; button_one_border_color__hover=&#8221;null&#8221; button_two_border_color__hover_enabled=&#8221;off&#8221; button_two_border_color__hover=&#8221;null&#8221; button_border_radius__hover_enabled=&#8221;off&#8221; button_border_radius__hover=&#8221;null&#8221; button_one_border_radius__hover_enabled=&#8221;off&#8221; button_one_border_radius__hover=&#8221;null&#8221; button_two_border_radius__hover_enabled=&#8221;off&#8221; button_two_border_radius__hover=&#8221;null&#8221; button_letter_spacing__hover_enabled=&#8221;on&#8221; button_letter_spacing__hover=&#8221;0&#8243; button_one_letter_spacing__hover_enabled=&#8221;off&#8221; button_one_letter_spacing__hover=&#8221;null&#8221; button_two_letter_spacing__hover_enabled=&#8221;off&#8221; button_two_letter_spacing__hover=&#8221;null&#8221; button_bg_color__hover_enabled=&#8221;off&#8221; button_bg_color__hover=&#8221;null&#8221; button_one_bg_color__hover_enabled=&#8221;off&#8221; button_one_bg_color__hover=&#8221;null&#8221; button_two_bg_color__hover_enabled=&#8221;off&#8221; button_two_bg_color__hover=&#8221;null&#8221;][et_pb_slide use_bg_overlay=&#8221;off&#8221; use_text_overlay=&#8221;off&#8221; _builder_version=&#8221;3.17.6&#8243; background_color=&#8221;#ffffff&#8221; background_image=&#8221;https:\/\/www.celosa.fr\/wp-content\/uploads\/2025\/12\/PHOTO-2025-12-07-11-56-46-7.jpg&#8221; button_on_hover=&#8221;on&#8221;][\/et_pb_slide][et_pb_slide use_bg_overlay=&#8221;off&#8221; use_text_overlay=&#8221;off&#8221; _builder_version=&#8221;3.17.6&#8243; background_color=&#8221;#ffffff&#8221; background_image=&#8221;https:\/\/www.celosa.fr\/wp-content\/uploads\/2025\/12\/IMG_0814.jpeg&#8221; parallax=&#8221;on&#8221; button_on_hover=&#8221;on&#8221;][\/et_pb_slide][et_pb_slide use_bg_overlay=&#8221;off&#8221; use_text_overlay=&#8221;off&#8221; _builder_version=&#8221;3.17.6&#8243; background_color=&#8221;#ffffff&#8221; background_image=&#8221;https:\/\/www.celosa.fr\/wp-content\/uploads\/2025\/12\/PHOTO-2025-12-07-11-56-45.jpg&#8221; button_on_hover=&#8221;on&#8221;][\/et_pb_slide][et_pb_slide use_bg_overlay=&#8221;off&#8221; use_text_overlay=&#8221;off&#8221; _builder_version=&#8221;3.17.6&#8243; background_color=&#8221;#ffffff&#8221; background_image=&#8221;https:\/\/www.celosa.fr\/wp-content\/uploads\/2025\/12\/PHOTO-2025-12-07-11-59-12.jpg&#8221; parallax=&#8221;on&#8221; button_on_hover=&#8221;on&#8221;][\/et_pb_slide][et_pb_slide use_bg_overlay=&#8221;off&#8221; use_text_overlay=&#8221;off&#8221; _builder_version=&#8221;3.17.6&#8243; background_color=&#8221;#ffffff&#8221; background_image=&#8221;https:\/\/www.celosa.fr\/wp-content\/uploads\/2025\/12\/PHOTO-2025-12-07-11-56-46-4.jpg&#8221; parallax=&#8221;on&#8221; button_on_hover=&#8221;on&#8221;][\/et_pb_slide][et_pb_slide use_bg_overlay=&#8221;off&#8221; use_text_overlay=&#8221;off&#8221; _builder_version=&#8221;3.17.6&#8243; background_color=&#8221;#ffffff&#8221; background_image=&#8221;https:\/\/www.celosa.fr\/wp-content\/uploads\/2025\/12\/PHOTO-2025-12-07-11-56-46-3.jpg&#8221; parallax=&#8221;on&#8221; button_on_hover=&#8221;on&#8221;][\/et_pb_slide][\/et_pb_slider][\/et_pb_column][et_pb_column type=&#8221;1_2&#8243; specialty_columns=&#8221;2&#8243; _builder_version=&#8221;3.0.47&#8243; parallax__hover=&#8221;off&#8221; parallax_method__hover=&#8221;on&#8221; parallax=&#8221;off&#8221; parallax_method=&#8221;on&#8221;][et_pb_row_inner padding_mobile=&#8221;off&#8221; column_padding_mobile=&#8221;off&#8221; _builder_version=&#8221;3.0.47&#8243;][et_pb_column_inner type=&#8221;4_4&#8243; saved_specialty_column_type=&#8221;1_2&#8243; _builder_version=&#8221;3.0.47&#8243; column_padding_mobile__hover=&#8221;off&#8221; parallax__hover=&#8221;off&#8221; parallax_method__hover=&#8221;on&#8221; column_padding_mobile=&#8221;off&#8221; parallax=&#8221;off&#8221; parallax_method=&#8221;on&#8221;][et_pb_tabs active_tab_background_color=&#8221;#b9c2c9&#8243; inactive_tab_background_color=&#8221;#7b8896&#8243; _builder_version=&#8221;3.17.6&#8243; tab_text_color=&#8221;#ffffff&#8221; tab_text_shadow_style=&#8221;preset1&#8243; border_color_all=&#8221;#ffffff&#8221; custom_css_tabs_controls=&#8221;background-color:#7b8896;&#8221;][et_pb_tab title=&#8221;Description&#8221; _builder_version=&#8221;3.17.6&#8243;]<\/p>\n<p><i class=\"fas fa-users\"><\/i>\u00a04 voyageurs<br \/> <i class=\"fas fa-home\"><\/i>\u00a02 chambres<br \/> <i class=\"fas fa-bed\"><\/i>\u00a02 Lits<br \/> <i class=\"fas fa-bath\"><\/i> 1 salle de bain<\/p>\n<p><span style=\"font-size: 14px;\">Bienvenue dans cette d\u00e9pendance refaite avec go\u00fbt. Nich\u00e9e au centre du village de Lasalle et ouverte sur un verdoyant vallon de la rivi\u00e8re Salendrinque. Acc\u00e8s ind\u00e9pendant qui \u00e0 toutes les commodit\u00e9s de la vie villageoise. C\u00f4t\u00e9 jardin, une terrasse pour se d\u00e9tendre et manger et un acc\u00e8s vous m\u00e8ne \u00e0 la toute nouvelle piscine partag\u00e9e et aux abords tranquilles de la rivi\u00e8re. Les sentiers de promenade sont tout proches. Unique.<\/span><\/p>\n<div>\n<div>\n<p><b>Le logement :<\/b><br \/><span size=\"4\" style=\"font-size: large;\">\u00a0<\/span><\/p>\n<p>RDC:<br \/>Salon\/cuisine climatis\u00e9 propose une cuisine toute \u00e9quip\u00e9e et le salon un canap\u00e9 avec la t\u00e9l\u00e9vision. Hors saison possible d&#8217;utiliser le po\u00eale \u00e0 bois.<br \/>1\u00b0 \u00e9tage, l\u2019appartement est \u00a0constitu\u00e9 de deux chambres climatis\u00e9es avec une salle de bain.<br \/>Dehors un espace repos avec son salon de jardin et un espace pour manger dehors avec sa table et sa plancha.<br \/>Connexion Internet WIFI dans tout l\u2019appartement et la piscine.<br \/>Possibilit\u00e9 de louer des v\u00e9los<\/div>\n<div><\/div>\n<\/div>\n<p>[\/et_pb_tab][et_pb_tab title=&#8221;Acc\u00e8s Voyageurs&#8221; _builder_version=&#8221;3.17.6&#8243;]<\/p>\n<p><span>La propri\u00e9t\u00e9 ainsi que la maison et ses \u00e9quipements sont \u00e0 l&#8217;usage exclusif des locataires.<\/span><br \/><span>&#8211; Les f\u00eates, \u00e9v\u00e8nements et appareils de sonorisation interdits.<\/span><br \/><span>&#8211; Respect du voisinage, pas de nuisances sonores apr\u00e8s 22h00<\/span><br \/><span>&#8211; Seules les personnes apparaissant sur la r\u00e9servation seront accept\u00e9es.<\/span><br \/><span>&#8211; Animaux interdits.<\/span><br \/><span>&#8211; Maison non fumeur.<\/span><br \/><span>&#8211; \u00c9teindre les lumi\u00e8res en votre absence.<\/span><br \/><span>&#8211; Merci de respecter les horaires d&#8217;arriv\u00e9e et d\u00e9part.<\/span><br \/><span>&#8211; \u00e0 faire avant le d\u00e9part, \u00a0poubelles et tri s\u00e9lectif sortis, veiller \u00e0 ce que le mobilier soit \u00e0 la m\u00eame place.<\/span><br \/><span>&#8211; Penser \u00e0 restituer les trousseaux de cl\u00e9s.<\/span><br \/><span>&#8211; La piscine est partag\u00e9e avec les propri\u00e9taires<\/span><br \/><span>&#8211; La cuisine du patio n&#8217;est pas dans la location<\/span><\/p>\n<p>[\/et_pb_tab][et_pb_tab title=&#8221;\u00c9changes Voyageurs&#8221; _builder_version=&#8221;3.17.6&#8243;]<\/p>\n<p><span>Pascal et Christine, propri\u00e9taires de la galerie Toscane, vous accueilleront et vous feront partager leurs bonnes adresses, id\u00e9es de sorties, itin\u00e9raires de randonn\u00e9es.<\/span><\/p>\n<p>[\/et_pb_tab][et_pb_tab title=&#8221;Tarifs&#8221; _builder_version=&#8221;3.17.6&#8243;]<\/p>\n<p>\u00c0 partir de 115\u20ac la nuit<\/p>\n<p>[\/et_pb_tab][et_pb_tab title=&#8221;Equipements&#8221; _builder_version=&#8221;3.17.6&#8243;]<i class=\"fas fa-home\"><\/i> Cuisine \u00e9quip\u00e9e, cuisini\u00e8re, four, micro-ondes, r\u00e9frig\u00e9rateur, vaisselle, produits de base (sel, poivre, huile&#8230;)<br \/>\n<i class=\"fas fa-tv\"><\/i> T\u00e9l\u00e9vision<br \/>\n<i class=\"fas fa-snowflake\"><\/i> Clim r\u00e9versible<br \/>\n<i class=\"fas fa-fire\"><\/i> Chemin\u00e9e.<br \/>\n<i class=\"fas fa-water\"><\/i> Eau Chaude<br \/>\n<i class=\"fas fa-tshirt\"><\/i> Lave-linge, Espace rangement v\u00eatements.<br \/>\n<i class=\"fas fa-wifi\"><\/i> Wi-fi<br \/>\n<i class=\"fas fa-campground\"><\/i> Espace pour repas en ext\u00e9rieur, table, chaises, bbq, jardin, douche ext\u00e9rieure, mobilier, ping-pong.[\/et_pb_tab][\/et_pb_tabs][\/et_pb_column_inner][\/et_pb_row_inner][\/et_pb_column][\/et_pb_section][et_pb_section fb_built=&#8221;1&#8243; admin_label=&#8221;Contact&#8221; _builder_version=&#8221;3.17.6&#8243; background_image=&#8221;https:\/\/www.celosa.fr\/wp-content\/uploads\/2018\/11\/consutant-03.jpg&#8221; box_shadow_style=&#8221;preset7&#8243; box_shadow_horizontal=&#8221;0px&#8221; box_shadow_vertical=&#8221;80px&#8221; box_shadow_color=&#8221;#ffffff&#8221; custom_margin=&#8221;|||&#8221; custom_padding=&#8221;0px|0px|0px|0px&#8221;][et_pb_row custom_padding=&#8221;60px|60px|60px|60px&#8221; custom_padding_phone=&#8221;|40px||40px&#8221; custom_margin=&#8221;|||&#8221; custom_padding_last_edited=&#8221;on|phone&#8221; padding_top_2=&#8221;140px&#8221; _builder_version=&#8221;3.0.98&#8243; background_color=&#8221;#ffffff&#8221; box_shadow_style=&#8221;preset3&#8243; box_shadow_vertical=&#8221;15px&#8221; box_shadow_blur=&#8221;80px&#8221; box_shadow_color=&#8221;rgba(0,0,0,0.2)&#8221; animation_style=&#8221;slide&#8221; animation_direction=&#8221;bottom&#8221; animation_duration=&#8221;1500ms&#8221; animation_delay=&#8221;200ms&#8221; animation_intensity_slide=&#8221;10%&#8221; animation_starting_opacity=&#8221;100%&#8221;][et_pb_column type=&#8221;1_2&#8243; _builder_version=&#8221;3.0.47&#8243; parallax=&#8221;off&#8221; parallax_method=&#8221;on&#8221;][et_pb_contact_form captcha=&#8221;off&#8221; email=&#8221;cvnlocationsaisonniere@gmail.com&#8221; title=&#8221;CONTACTEZ-NOUS&#8221; success_message=&#8221;Message Envoy\u00e9, nous vous r\u00e9pondons d\u00e8s que possible.&#8221; submit_button_text=&#8221;Envoyer&#8221; form_background_color=&#8221;#ffffff&#8221; module_id=&#8221;et_pb_contact_form_0&#8243; _builder_version=&#8221;3.17.6&#8243; title_level=&#8221;h2&#8243; title_font=&#8221;Playfair Display|700||on|||||&#8221; title_text_align=&#8221;center&#8221; title_font_size=&#8221;38px&#8221; title_font_size_tablet=&#8221;30px&#8221; title_font_size_last_edited=&#8221;on|tablet&#8221; title_line_height=&#8221;1.4em&#8221; form_field_font=&#8221;Poppins|600||on|||||&#8221; form_field_text_color=&#8221;rgba(0,0,0,0.7)&#8221; form_field_font_size=&#8221;12px&#8221; form_field_letter_spacing=&#8221;2px&#8221; border_color_all=&#8221;#dfdfe3&#8243; border_width_bottom=&#8221;1px&#8221; custom_button=&#8221;on&#8221; button_text_color=&#8221;#ffffff&#8221; button_bg_color=&#8221;#edbb5f&#8221; button_border_width=&#8221;0px&#8221; button_border_radius=&#8221;0px&#8221; button_letter_spacing=&#8221;1px&#8221; button_font=&#8221;Saira Extra Condensed|600||on|||||&#8221; button_icon=&#8221;%%3%%&#8221; custom_margin=&#8221;|||&#8221; custom_padding=&#8221;|||&#8221; saved_tabs=&#8221;all&#8221; button_letter_spacing_hover=&#8221;1px&#8221;][et_pb_contact_field field_id=&#8221;Name&#8221; field_title=&#8221;Nom&#8221; fullwidth_field=&#8221;on&#8221; _builder_version=&#8221;3.16&#8243; form_field_font=&#8221;||||||||&#8221; custom_margin=&#8221;||20px|&#8221; custom_margin_tablet=&#8221;||20px|&#8221; custom_margin_phone=&#8221;||20px|&#8221; button_text_size__hover_enabled=&#8221;off&#8221; button_one_text_size__hover_enabled=&#8221;off&#8221; button_two_text_size__hover_enabled=&#8221;off&#8221; button_text_color__hover_enabled=&#8221;off&#8221; button_one_text_color__hover_enabled=&#8221;off&#8221; button_two_text_color__hover_enabled=&#8221;off&#8221; button_border_width__hover_enabled=&#8221;off&#8221; button_one_border_width__hover_enabled=&#8221;off&#8221; button_two_border_width__hover_enabled=&#8221;off&#8221; button_border_color__hover_enabled=&#8221;off&#8221; button_one_border_color__hover_enabled=&#8221;off&#8221; button_two_border_color__hover_enabled=&#8221;off&#8221; button_border_radius__hover_enabled=&#8221;off&#8221; button_one_border_radius__hover_enabled=&#8221;off&#8221; button_two_border_radius__hover_enabled=&#8221;off&#8221; button_letter_spacing__hover_enabled=&#8221;off&#8221; button_one_letter_spacing__hover_enabled=&#8221;off&#8221; button_two_letter_spacing__hover_enabled=&#8221;off&#8221; button_bg_color__hover_enabled=&#8221;off&#8221; button_one_bg_color__hover_enabled=&#8221;off&#8221; button_two_bg_color__hover_enabled=&#8221;off&#8221;][\/et_pb_contact_field][et_pb_contact_field field_id=&#8221;Email&#8221; field_title=&#8221;Adresse E-mail&#8221; fullwidth_field=&#8221;on&#8221; _builder_version=&#8221;3.16&#8243; form_field_font=&#8221;||||||||&#8221; custom_margin=&#8221;||20px|&#8221; custom_margin_tablet=&#8221;||20px|&#8221; custom_margin_phone=&#8221;||20px|&#8221; button_text_size__hover_enabled=&#8221;off&#8221; button_one_text_size__hover_enabled=&#8221;off&#8221; button_two_text_size__hover_enabled=&#8221;off&#8221; button_text_color__hover_enabled=&#8221;off&#8221; button_one_text_color__hover_enabled=&#8221;off&#8221; button_two_text_color__hover_enabled=&#8221;off&#8221; button_border_width__hover_enabled=&#8221;off&#8221; button_one_border_width__hover_enabled=&#8221;off&#8221; button_two_border_width__hover_enabled=&#8221;off&#8221; button_border_color__hover_enabled=&#8221;off&#8221; button_one_border_color__hover_enabled=&#8221;off&#8221; button_two_border_color__hover_enabled=&#8221;off&#8221; button_border_radius__hover_enabled=&#8221;off&#8221; button_one_border_radius__hover_enabled=&#8221;off&#8221; button_two_border_radius__hover_enabled=&#8221;off&#8221; button_letter_spacing__hover_enabled=&#8221;off&#8221; button_one_letter_spacing__hover_enabled=&#8221;off&#8221; button_two_letter_spacing__hover_enabled=&#8221;off&#8221; button_bg_color__hover_enabled=&#8221;off&#8221; button_one_bg_color__hover_enabled=&#8221;off&#8221; button_two_bg_color__hover_enabled=&#8221;off&#8221;][\/et_pb_contact_field][et_pb_contact_field field_id=&#8221;Phone&#8221; field_title=&#8221;T\u00e9l\u00e9phone&#8221; required_mark=&#8221;off&#8221; fullwidth_field=&#8221;on&#8221; _builder_version=&#8221;3.16&#8243; form_field_font=&#8221;||||||||&#8221; custom_margin=&#8221;||20px|&#8221; custom_margin_tablet=&#8221;||20px|&#8221; custom_margin_phone=&#8221;||20px|&#8221; button_text_size__hover_enabled=&#8221;off&#8221; button_one_text_size__hover_enabled=&#8221;off&#8221; button_two_text_size__hover_enabled=&#8221;off&#8221; button_text_color__hover_enabled=&#8221;off&#8221; button_one_text_color__hover_enabled=&#8221;off&#8221; button_two_text_color__hover_enabled=&#8221;off&#8221; button_border_width__hover_enabled=&#8221;off&#8221; button_one_border_width__hover_enabled=&#8221;off&#8221; button_two_border_width__hover_enabled=&#8221;off&#8221; button_border_color__hover_enabled=&#8221;off&#8221; button_one_border_color__hover_enabled=&#8221;off&#8221; button_two_border_color__hover_enabled=&#8221;off&#8221; button_border_radius__hover_enabled=&#8221;off&#8221; button_one_border_radius__hover_enabled=&#8221;off&#8221; button_two_border_radius__hover_enabled=&#8221;off&#8221; button_letter_spacing__hover_enabled=&#8221;off&#8221; button_one_letter_spacing__hover_enabled=&#8221;off&#8221; button_two_letter_spacing__hover_enabled=&#8221;off&#8221; button_bg_color__hover_enabled=&#8221;off&#8221; button_one_bg_color__hover_enabled=&#8221;off&#8221; button_two_bg_color__hover_enabled=&#8221;off&#8221;][\/et_pb_contact_field][et_pb_contact_field field_id=&#8221;Message&#8221; field_title=&#8221;Message&#8221; field_type=&#8221;text&#8221; fullwidth_field=&#8221;on&#8221; field_background_color=&#8221;rgba(12,12,12,0.02)&#8221; _builder_version=&#8221;3.16&#8243; form_field_font=&#8221;||||||||&#8221; border_radii=&#8221;on||||&#8221; border_width_all=&#8221;1px&#8221; custom_margin=&#8221;40px||20px|&#8221; button_text_size__hover_enabled=&#8221;off&#8221; button_one_text_size__hover_enabled=&#8221;off&#8221; button_two_text_size__hover_enabled=&#8221;off&#8221; button_text_color__hover_enabled=&#8221;off&#8221; button_one_text_color__hover_enabled=&#8221;off&#8221; button_two_text_color__hover_enabled=&#8221;off&#8221; button_border_width__hover_enabled=&#8221;off&#8221; button_one_border_width__hover_enabled=&#8221;off&#8221; button_two_border_width__hover_enabled=&#8221;off&#8221; button_border_color__hover_enabled=&#8221;off&#8221; button_one_border_color__hover_enabled=&#8221;off&#8221; button_two_border_color__hover_enabled=&#8221;off&#8221; button_border_radius__hover_enabled=&#8221;off&#8221; button_one_border_radius__hover_enabled=&#8221;off&#8221; button_two_border_radius__hover_enabled=&#8221;off&#8221; button_letter_spacing__hover_enabled=&#8221;off&#8221; button_one_letter_spacing__hover_enabled=&#8221;off&#8221; button_two_letter_spacing__hover_enabled=&#8221;off&#8221; button_bg_color__hover_enabled=&#8221;off&#8221; button_one_bg_color__hover_enabled=&#8221;off&#8221; button_two_bg_color__hover_enabled=&#8221;off&#8221;][\/et_pb_contact_field][\/et_pb_contact_form][\/et_pb_column][et_pb_column type=&#8221;1_2&#8243; _builder_version=&#8221;3.0.47&#8243; padding_top=&#8221;140px&#8221; parallax=&#8221;off&#8221; parallax_method=&#8221;on&#8221;][et_pb_text _builder_version=&#8221;3.17.6&#8243; text_font=&#8221;Poppins|600||on|||||&#8221; text_font_size=&#8221;16px&#8221; text_letter_spacing=&#8221;2px&#8221; text_line_height=&#8221;2em&#8221; background_color=&#8221;#3d3d3d&#8221; border_width_top=&#8221;8px&#8221; border_color_top=&#8221;#edbb5f&#8221; text_orientation=&#8221;center&#8221; background_layout=&#8221;dark&#8221; custom_margin=&#8221;|||&#8221; custom_padding=&#8221;60px|40px|60px|40px&#8221; custom_padding_last_edited=&#8221;off|desktop&#8221; animation_style=&#8221;flip&#8221; animation_delay=&#8221;200ms&#8221; locked=&#8221;off&#8221;]69 Rue de la Croix<br \/>\n30460 LASALLE<br \/>\n06.15.41.56.46<br \/>\ninfo@celosa.fr[\/et_pb_text][\/et_pb_column][\/et_pb_row][\/et_pb_section]<\/p>\n","protected":false},"excerpt":{"rendered":"<p>[et_pb_section fb_built=&#8221;1&#8243; fullwidth=&#8221;on&#8221; admin_label=&#8221;Hero Section&#8221; _builder_version=&#8221;3.17.6&#8243;][et_pb_fullwidth_header subhead=&#8221;Mazet de charme jardin\/piscine %22Galerie Toscane%22&#8243; background_overlay_color=&#8221;rgba(86,86,86,0.4)&#8221; content_max_width=&#8221;95%&#8221; _builder_version=&#8221;3.17.6&#8243; title_font=&#8221;Poppins|700||on|||||&#8221; title_text_color=&#8221;#edbb5f&#8221; title_font_size=&#8221;14px&#8221; title_letter_spacing=&#8221;2px&#8221; title_line_height=&#8221;1.7em&#8221; content_font=&#8221;Poppins||||||||&#8221; content_font_size=&#8221;16px&#8221; content_letter_spacing=&#8221;1px&#8221; content_line_height=&#8221;2em&#8221; subhead_font=&#8221;Playfair Display|700||on|||||&#8221; subhead_font_size=&#8221;48px&#8221; subhead_letter_spacing=&#8221;3px&#8221; subhead_line_height=&#8221;1.4em&#8221; background_color=&#8221;#7ebec5&#8243; background_image=&#8221;https:\/\/www.celosa.fr\/wp-content\/uploads\/2018\/12\/DSC_2368.jpg&#8221; parallax=&#8221;on&#8221; parallax_method=&#8221;on&#8221; custom_button_two=&#8221;on&#8221; button_two_border_width=&#8221;1px&#8221; button_two_border_color=&#8221;rgba(255,255,255,0.3)&#8221; button_two_border_radius=&#8221;0px&#8221; button_two_letter_spacing=&#8221;1px&#8221; button_two_font=&#8221;Saira Extra Condensed|600||on|||||&#8221; button_two_icon=&#8221;%%3%%&#8221; button_two_icon_color=&#8221;#edbb5f&#8221; custom_button_one=&#8221;on&#8221; button_one_border_width=&#8221;1px&#8221; button_one_border_color=&#8221;rgba(255,255,255,0.3)&#8221; button_one_border_radius=&#8221;0px&#8221; button_one_letter_spacing=&#8221;1px&#8221; button_one_font=&#8221;Saira Extra Condensed|600||on|||||&#8221; button_one_icon=&#8221;%%3%%&#8221; button_one_icon_color=&#8221;#edbb5f&#8221; module_alignment=&#8221;right&#8221; custom_margin=&#8221;|||&#8221; [&hellip;]<\/p>\n","protected":false},"author":1,"featured_media":0,"parent":0,"menu_order":0,"comment_status":"closed","ping_status":"closed","template":"","meta":[],"_links":{"self":[{"href":"https:\/\/www.celosa.fr\/index.php\/wp-json\/wp\/v2\/pages\/29480"}],"collection":[{"href":"https:\/\/www.celosa.fr\/index.php\/wp-json\/wp\/v2\/pages"}],"about":[{"href":"https:\/\/www.celosa.fr\/index.php\/wp-json\/wp\/v2\/types\/page"}],"author":[{"embeddable":true,"href":"https:\/\/www.celosa.fr\/index.php\/wp-json\/wp\/v2\/users\/1"}],"replies":[{"embeddable":true,"href":"https:\/\/www.celosa.fr\/index.php\/wp-json\/wp\/v2\/comments?post=29480"}],"version-history":[{"count":3,"href":"https:\/\/www.celosa.fr\/index.php\/wp-json\/wp\/v2\/pages\/29480\/revisions"}],"predecessor-version":[{"id":29528,"href":"https:\/\/www.celosa.fr\/index.php\/wp-json\/wp\/v2\/pages\/29480\/revisions\/29528"}],"wp:attachment":[{"href":"https:\/\/www.celosa.fr\/index.php\/wp-json\/wp\/v2\/media?parent=29480"}],"curies":[{"name":"wp","href":"https:\/\/api.w.org\/{rel}","templated":true}]}}