{"id":29564,"date":"2025-12-18T17:22:03","date_gmt":"2025-12-18T16:22:03","guid":{"rendered":"https:\/\/www.celosa.fr\/?page_id=29564"},"modified":"2025-12-18T17:38:16","modified_gmt":"2025-12-18T16:38:16","slug":"pompignan-gard-maison-archi-vue-360-piscine","status":"publish","type":"page","link":"https:\/\/www.celosa.fr\/index.php\/pompignan-gard-maison-archi-vue-360-piscine\/","title":{"rendered":"Pompignan (Gard) maison archi. vue \u00a0360\u00b0, piscine"},"content":{"rendered":"<p>[et_pb_section fb_built=&#8221;1&#8243; fullwidth=&#8221;on&#8221; admin_label=&#8221;Hero Section&#8221; _builder_version=&#8221;3.17.6&#8243;][et_pb_fullwidth_header subhead=&#8221;Le Vaquier, havre de paix, Parc des C\u00e9vennes.&#8221; background_overlay_color=&#8221;rgba(86,86,86,0.4)&#8221; content_max_width=&#8221;95%&#8221; _builder_version=&#8221;3.17.6&#8243; title_font=&#8221;Poppins|700||on|||||&#8221; title_text_color=&#8221;#edbb5f&#8221; title_font_size=&#8221;14px&#8221; title_letter_spacing=&#8221;2px&#8221; title_line_height=&#8221;1.7em&#8221; content_font=&#8221;Poppins||||||||&#8221; content_font_size=&#8221;16px&#8221; content_letter_spacing=&#8221;1px&#8221; content_line_height=&#8221;2em&#8221; subhead_font=&#8221;Playfair Display|700||on|||||&#8221; subhead_font_size=&#8221;48px&#8221; subhead_letter_spacing=&#8221;3px&#8221; subhead_line_height=&#8221;1.4em&#8221; background_color=&#8221;#7ebec5&#8243; background_image=&#8221;https:\/\/www.celosa.fr\/wp-content\/uploads\/2018\/12\/DSC_2368.jpg&#8221; parallax=&#8221;on&#8221; parallax_method=&#8221;on&#8221; custom_button_two=&#8221;on&#8221; button_two_border_width=&#8221;1px&#8221; button_two_border_color=&#8221;rgba(255,255,255,0.3)&#8221; button_two_border_radius=&#8221;0px&#8221; button_two_letter_spacing=&#8221;1px&#8221; button_two_font=&#8221;Saira Extra Condensed|600||on|||||&#8221; button_two_icon=&#8221;%%3%%&#8221; button_two_icon_color=&#8221;#edbb5f&#8221; custom_button_one=&#8221;on&#8221; button_one_border_width=&#8221;1px&#8221; button_one_border_color=&#8221;rgba(255,255,255,0.3)&#8221; button_one_border_radius=&#8221;0px&#8221; button_one_letter_spacing=&#8221;1px&#8221; button_one_font=&#8221;Saira Extra Condensed|600||on|||||&#8221; button_one_icon=&#8221;%%3%%&#8221; button_one_icon_color=&#8221;#edbb5f&#8221; module_alignment=&#8221;right&#8221; custom_margin=&#8221;|||&#8221; custom_padding=&#8221;8%||50px|&#8221; button_one_text_size__hover_enabled=&#8221;off&#8221; button_one_text_size__hover=&#8221;null&#8221; button_two_text_size__hover_enabled=&#8221;off&#8221; button_two_text_size__hover=&#8221;null&#8221; button_one_text_color__hover_enabled=&#8221;on&#8221; button_one_text_color__hover=&#8221;#edbb5f&#8221; button_two_text_color__hover_enabled=&#8221;on&#8221; button_two_text_color__hover=&#8221;#edbb5f&#8221; button_one_border_width__hover_enabled=&#8221;off&#8221; button_one_border_width__hover=&#8221;null&#8221; button_two_border_width__hover_enabled=&#8221;off&#8221; button_two_border_width__hover=&#8221;null&#8221; button_one_border_color__hover_enabled=&#8221;off&#8221; button_one_border_color__hover=&#8221;null&#8221; button_two_border_color__hover_enabled=&#8221;off&#8221; button_two_border_color__hover=&#8221;null&#8221; button_one_border_radius__hover_enabled=&#8221;off&#8221; button_one_border_radius__hover=&#8221;null&#8221; button_two_border_radius__hover_enabled=&#8221;off&#8221; button_two_border_radius__hover=&#8221;null&#8221; button_one_letter_spacing__hover_enabled=&#8221;off&#8221; button_one_letter_spacing__hover=&#8221;null&#8221; button_two_letter_spacing__hover_enabled=&#8221;off&#8221; button_two_letter_spacing__hover=&#8221;null&#8221; button_one_bg_color__hover_enabled=&#8221;on&#8221; button_one_bg_color__hover=&#8221;rgba(0,0,0,0)&#8221; button_two_bg_color__hover_enabled=&#8221;on&#8221; button_two_bg_color__hover=&#8221;rgba(0,0,0,0)&#8221;][\/et_pb_fullwidth_header][\/et_pb_section][et_pb_section fb_built=&#8221;1&#8243; make_fullwidth=&#8221;on&#8221; specialty=&#8221;on&#8221; custom_padding_last_edited=&#8221;on|phone&#8221; _builder_version=&#8221;3.17.6&#8243; custom_padding=&#8221;0px||0px|&#8221;][et_pb_column type=&#8221;1_2&#8243; _builder_version=&#8221;3.0.47&#8243; parallax__hover=&#8221;off&#8221; parallax_method__hover=&#8221;on&#8221; parallax=&#8221;off&#8221; parallax_method=&#8221;on&#8221;][et_pb_slider _builder_version=&#8221;3.17.6&#8243; background_position=&#8221;top_left&#8221; custom_padding=&#8221;70%|0px|70%|0px&#8221; custom_padding_tablet=&#8221;|||&#8221; saved_tabs=&#8221;all&#8221; button_text_size__hover_enabled=&#8221;off&#8221; button_text_size__hover=&#8221;null&#8221; button_one_text_size__hover_enabled=&#8221;off&#8221; button_one_text_size__hover=&#8221;null&#8221; button_two_text_size__hover_enabled=&#8221;off&#8221; button_two_text_size__hover=&#8221;null&#8221; button_text_color__hover_enabled=&#8221;off&#8221; button_text_color__hover=&#8221;null&#8221; button_one_text_color__hover_enabled=&#8221;off&#8221; button_one_text_color__hover=&#8221;null&#8221; button_two_text_color__hover_enabled=&#8221;off&#8221; button_two_text_color__hover=&#8221;null&#8221; button_border_width__hover_enabled=&#8221;off&#8221; button_border_width__hover=&#8221;null&#8221; button_one_border_width__hover_enabled=&#8221;off&#8221; button_one_border_width__hover=&#8221;null&#8221; button_two_border_width__hover_enabled=&#8221;off&#8221; button_two_border_width__hover=&#8221;null&#8221; button_border_color__hover_enabled=&#8221;off&#8221; button_border_color__hover=&#8221;null&#8221; button_one_border_color__hover_enabled=&#8221;off&#8221; button_one_border_color__hover=&#8221;null&#8221; button_two_border_color__hover_enabled=&#8221;off&#8221; button_two_border_color__hover=&#8221;null&#8221; button_border_radius__hover_enabled=&#8221;off&#8221; button_border_radius__hover=&#8221;null&#8221; button_one_border_radius__hover_enabled=&#8221;off&#8221; button_one_border_radius__hover=&#8221;null&#8221; button_two_border_radius__hover_enabled=&#8221;off&#8221; button_two_border_radius__hover=&#8221;null&#8221; button_letter_spacing__hover_enabled=&#8221;on&#8221; button_letter_spacing__hover=&#8221;0&#8243; button_one_letter_spacing__hover_enabled=&#8221;off&#8221; button_one_letter_spacing__hover=&#8221;null&#8221; button_two_letter_spacing__hover_enabled=&#8221;off&#8221; button_two_letter_spacing__hover=&#8221;null&#8221; button_bg_color__hover_enabled=&#8221;off&#8221; button_bg_color__hover=&#8221;null&#8221; button_one_bg_color__hover_enabled=&#8221;off&#8221; button_one_bg_color__hover=&#8221;null&#8221; button_two_bg_color__hover_enabled=&#8221;off&#8221; button_two_bg_color__hover=&#8221;null&#8221;][et_pb_slide use_bg_overlay=&#8221;off&#8221; use_text_overlay=&#8221;off&#8221; _builder_version=&#8221;3.17.6&#8243; background_color=&#8221;#ffffff&#8221; background_image=&#8221;https:\/\/www.celosa.fr\/wp-content\/uploads\/2025\/12\/63b02855-3038-4d09-b60b-bcc2f08a7c86.jpg&#8221; button_on_hover=&#8221;on&#8221;][\/et_pb_slide][et_pb_slide use_bg_overlay=&#8221;off&#8221; use_text_overlay=&#8221;off&#8221; _builder_version=&#8221;3.17.6&#8243; background_color=&#8221;#ffffff&#8221; background_image=&#8221;https:\/\/www.celosa.fr\/wp-content\/uploads\/2025\/12\/ce698069-d5fb-4c31-84e2-7c4cdc1fbdd8-1.jpg&#8221; button_on_hover=&#8221;on&#8221;][\/et_pb_slide][et_pb_slide use_bg_overlay=&#8221;off&#8221; use_text_overlay=&#8221;off&#8221; _builder_version=&#8221;3.17.6&#8243; background_color=&#8221;#ffffff&#8221; background_image=&#8221;https:\/\/www.celosa.fr\/wp-content\/uploads\/2025\/12\/b6398b30-3d28-4892-af60-152d7d5539a7.jpg&#8221; parallax=&#8221;on&#8221; button_on_hover=&#8221;on&#8221;][\/et_pb_slide][et_pb_slide use_bg_overlay=&#8221;off&#8221; use_text_overlay=&#8221;off&#8221; _builder_version=&#8221;3.17.6&#8243; background_color=&#8221;#ffffff&#8221; background_image=&#8221;https:\/\/www.celosa.fr\/wp-content\/uploads\/2025\/12\/298a7386-276d-47bd-8fa2-672920114b2a.jpg&#8221; parallax=&#8221;on&#8221; button_on_hover=&#8221;on&#8221;][\/et_pb_slide][et_pb_slide use_bg_overlay=&#8221;off&#8221; use_text_overlay=&#8221;off&#8221; _builder_version=&#8221;3.17.6&#8243; background_color=&#8221;#ffffff&#8221; background_image=&#8221;https:\/\/www.celosa.fr\/wp-content\/uploads\/2025\/12\/b23477e2-49b9-4d07-a477-a33406baeb69.jpg&#8221; parallax=&#8221;on&#8221; button_on_hover=&#8221;on&#8221;][\/et_pb_slide][et_pb_slide use_bg_overlay=&#8221;off&#8221; use_text_overlay=&#8221;off&#8221; _builder_version=&#8221;3.17.6&#8243; background_color=&#8221;#ffffff&#8221; background_image=&#8221;https:\/\/www.celosa.fr\/wp-content\/uploads\/2025\/12\/180308be-0f88-41f2-ae40-012a39b81b70.jpg&#8221; button_on_hover=&#8221;on&#8221;][\/et_pb_slide][\/et_pb_slider][\/et_pb_column][et_pb_column type=&#8221;1_2&#8243; specialty_columns=&#8221;2&#8243; _builder_version=&#8221;3.0.47&#8243; parallax__hover=&#8221;off&#8221; parallax_method__hover=&#8221;on&#8221; parallax=&#8221;off&#8221; parallax_method=&#8221;on&#8221;][et_pb_row_inner padding_mobile=&#8221;off&#8221; column_padding_mobile=&#8221;off&#8221; _builder_version=&#8221;3.0.47&#8243;][et_pb_column_inner type=&#8221;4_4&#8243; saved_specialty_column_type=&#8221;1_2&#8243; _builder_version=&#8221;3.0.47&#8243; column_padding_mobile__hover=&#8221;off&#8221; parallax__hover=&#8221;off&#8221; parallax_method__hover=&#8221;on&#8221; column_padding_mobile=&#8221;off&#8221; parallax=&#8221;off&#8221; parallax_method=&#8221;on&#8221;][et_pb_tabs active_tab_background_color=&#8221;#b9c2c9&#8243; inactive_tab_background_color=&#8221;#7b8896&#8243; _builder_version=&#8221;3.17.6&#8243; tab_text_color=&#8221;#ffffff&#8221; tab_text_shadow_style=&#8221;preset1&#8243; border_color_all=&#8221;#ffffff&#8221; custom_css_tabs_controls=&#8221;background-color:#7b8896;&#8221;][et_pb_tab title=&#8221;Description&#8221; _builder_version=&#8221;3.17.6&#8243;]<\/p>\n<p><i class=\"fas fa-users\"><\/i>\u00a012 voyageurs<br \/> <i class=\"fas fa-home\"><\/i>\u00a05 chambres<br \/> <i class=\"fas fa-bed\"><\/i>\u00a07 Lits<br \/> <i class=\"fas fa-bath\"><\/i>\u00a03 salle de bain<\/p>\n<p>Maison d&#8217;architecte, familiale et atypique des ann\u00e9es 80, perch\u00e9e sur les hauteurs de Pompignan (Gard), et offrant une vue 360\u00b0 sur la plaine du village et les contreforts des C\u00e9vennes.<br \/>Cette belle maison peut accueillir 12 personnes, une grande pi\u00e8ce de vie commune, 1 salle de bain et 2 salles d&#8217;eau. Une cuisine enti\u00e8rement \u00e9quip\u00e9e et des espaces pour manger en famille \u00e0 l&#8217;int\u00e9rieur comme \u00e0 l&#8217;ext\u00e9rieur.<br \/>La maison est entour\u00e9e de 27 hectares de garrigue, avec une grande piscine en contrebas.<\/p>\n<p><strong>Le logement:<\/strong><br \/>A seulement 1,5km du village et \u00e0 10min des 1ers domaine du Pic Saint Loup. Une vue majestueuse sans aucun vis \u00e0 vis, calme absolu.<br \/>Cette belle maison aux volumes atypiques compte 5 chambres.<br \/>1er espace :<br \/>Une cuisine \u00e9quip\u00e9e ouverte<br \/>un grand salon lumineux<br \/>espace repas int\u00e9rieur<br \/>1 salle de bain avec baignoire<br \/>2 salles d&#8217;eau avec douche<br \/>3 WC<br \/>Espace nuit en rez de chauss\u00e9e :<br \/>Chambre 1 : 1 lit en 160cm<br \/>Chambre 2 : 1 lit en 160cm<br \/>Chambre 3 : 1 lit en 140 et 2 lits simples<br \/>Espace nuit \u00e0 l&#8217;\u00e9tage :<br \/>Chambre 4 : 1 lit en 140cm<br \/>Chambre 5 : 1 lit en 160cm<br \/>A l&#8217;ext\u00e9rieur :<br \/>Plusieurs terrasses et espaces repas<br \/>Une piscine de 12&#215;5<br \/>Un barbecue (charbon de bois seulement en \u00e9t\u00e9)<br \/>La maison est entour\u00e9e de 27 hectares de garrigue, avec une grande piscine en contrebas.<\/p>\n<p>[\/et_pb_tab][et_pb_tab title=&#8221;Acc\u00e8s Voyageurs&#8221; _builder_version=&#8221;3.17.6&#8243;]<span>La maison, installations, piscine et propri\u00e9t\u00e9 sont \u00e0 l&#8217;usage exclusif des locataires qui apparaissent sur la r\u00e9servation.<br \/>L&#8217;acc\u00e8s \u00e0 la piscine (situ\u00e9e en contrebas de la maison) se fait par un escalier. Une b\u00e2che \u00e9lectrique aux normes permet de fermer le bassin quand vous ne l&#8217;utilisez pas.<\/p>\n<p>Il s&#8217;agit d&#8217;une maison avec des terrasses, des escaliers&#8230; Les terrasses ne sont pas s\u00e9curis\u00e9es par des barri\u00e8res. De m\u00eame, la maison est situ\u00e9e \u00e0 flanc de colline sur un grand terrain escarp\u00e9 . Nous vous rappelons que la surveillance des enfants est de votre enti\u00e8re responsabilit\u00e9.<\/p>\n<p>L&#8217;acc\u00e8s \u00e0 la maison se fait par un chemin non goudronn\u00e9 (environ\u00a01km), accessible en v\u00e9hicule l\u00e9ger, d\u00e9conseill\u00e9 pour les voitures de sport ou trop basses. Vous pourrez vous garer devant la maison<\/p>\n<p>La maison est isol\u00e9e ; cependant les f\u00eates ne sont pas autoris\u00e9es. Merci de limiter les nuisances sonores apr\u00e8s 22h.<\/span><\/p>\n<p>&nbsp;<\/p>\n<p>[\/et_pb_tab][et_pb_tab title=&#8221;\u00c9changes Voyageurs&#8221; _builder_version=&#8221;3.17.6&#8243;]<\/p>\n<p>Notre co-h\u00f4te, Luc, est charg\u00e9 de la communication et de l&#8217;accueil sur place des voyageurs.<\/p>\n<p>&nbsp;<\/p>\n<p>[\/et_pb_tab][et_pb_tab title=&#8221;Tarifs&#8221; _builder_version=&#8221;3.17.6&#8243;]<\/p>\n<p>\u00c0 partir de 320<span style=\"font-size: 14px;\">\u20ac la nuit<\/span><\/p>\n<p>[\/et_pb_tab][et_pb_tab title=&#8221;Equipements&#8221; _builder_version=&#8221;3.17.6&#8243;]<i class=\"fas fa-home\"><\/i> Cuisine \u00e9quip\u00e9e, plaque cuisson, four, micro-ondes, r\u00e9frig\u00e9rateurs (2),  lave vaisselle, cong\u00e9lateur, produits de base (sel, poivre, huile..)<br \/>\n<i class=\"fas fa-fire\"><\/i> Chauffage au sol, ventilateurs, chemin\u00e9es.<br \/>\n<i class=\"far fa-snowflake\"><\/i> Climatisation dans les chambres, Ventilateurs.<br \/>\n<i class=\"fas fa-guitar\"><\/i> Piano.<br \/>\n<i class=\"fas fa-water\"><\/i> Eau Chaude.<br \/>\n<i class=\"fas fa-tshirt\"><\/i> Lave-linge, \u00e9tendoir.<br \/>\n<i class=\"fas fa-campground\"><\/i> Espace repas en ext\u00e9rieur, plancha, Bbq.<br \/>\n<i class=\"fas fa-baby\"><\/i> Mat\u00e9riel pour b\u00e9b\u00e9, chaise haute, lit parapluie, baignoire.<br \/>\n<i class=\"fas fa-bed\"><\/i> Linge de couchage, toilette, maison.<br \/>\n<i class=\"fas fa-wifi\"><\/i> Wifi.<br \/>\n<i class=\"fas fa-car\"><\/i> Parking sur place<br \/>\n<i class=\"fas fa-swimming-pool\"><\/i> Piscine.<br \/>\n<i class=\"fas fa-umbrella-beach\"><\/i> chaises longues.<br \/>\n<i class=\"fas fa-table-tennis\"><\/i> Ping-pong, p\u00e9tanque.[\/et_pb_tab][\/et_pb_tabs][\/et_pb_column_inner][\/et_pb_row_inner][\/et_pb_column][\/et_pb_section][et_pb_section fb_built=&#8221;1&#8243; admin_label=&#8221;Contact&#8221; _builder_version=&#8221;3.17.6&#8243; background_image=&#8221;https:\/\/www.celosa.fr\/wp-content\/uploads\/2018\/11\/consutant-03.jpg&#8221; box_shadow_style=&#8221;preset7&#8243; box_shadow_horizontal=&#8221;0px&#8221; box_shadow_vertical=&#8221;80px&#8221; box_shadow_color=&#8221;#ffffff&#8221; custom_margin=&#8221;|||&#8221; custom_padding=&#8221;0px|0px|0px|0px&#8221;][et_pb_row custom_padding=&#8221;60px|60px|60px|60px&#8221; custom_padding_phone=&#8221;|40px||40px&#8221; custom_margin=&#8221;|||&#8221; custom_padding_last_edited=&#8221;on|phone&#8221; padding_top_2=&#8221;140px&#8221; _builder_version=&#8221;3.0.98&#8243; background_color=&#8221;#ffffff&#8221; box_shadow_style=&#8221;preset3&#8243; box_shadow_vertical=&#8221;15px&#8221; box_shadow_blur=&#8221;80px&#8221; box_shadow_color=&#8221;rgba(0,0,0,0.2)&#8221; animation_style=&#8221;slide&#8221; animation_direction=&#8221;bottom&#8221; animation_duration=&#8221;1500ms&#8221; animation_delay=&#8221;200ms&#8221; animation_intensity_slide=&#8221;10%&#8221; animation_starting_opacity=&#8221;100%&#8221;][et_pb_column type=&#8221;1_2&#8243; _builder_version=&#8221;3.0.47&#8243; parallax=&#8221;off&#8221; parallax_method=&#8221;on&#8221;][et_pb_contact_form captcha=&#8221;off&#8221; email=&#8221;cvnlocationsaisonniere@gmail.com&#8221; title=&#8221;CONTACTEZ-NOUS&#8221; success_message=&#8221;Message Envoy\u00e9, nous vous r\u00e9pondons d\u00e8s que possible.&#8221; submit_button_text=&#8221;Envoyer&#8221; form_background_color=&#8221;#ffffff&#8221; module_id=&#8221;et_pb_contact_form_0&#8243; _builder_version=&#8221;3.17.6&#8243; title_level=&#8221;h2&#8243; title_font=&#8221;Playfair Display|700||on|||||&#8221; title_text_align=&#8221;center&#8221; title_font_size=&#8221;38px&#8221; title_font_size_tablet=&#8221;30px&#8221; title_font_size_last_edited=&#8221;on|tablet&#8221; title_line_height=&#8221;1.4em&#8221; form_field_font=&#8221;Poppins|600||on|||||&#8221; form_field_text_color=&#8221;rgba(0,0,0,0.7)&#8221; form_field_font_size=&#8221;12px&#8221; form_field_letter_spacing=&#8221;2px&#8221; border_color_all=&#8221;#dfdfe3&#8243; border_width_bottom=&#8221;1px&#8221; custom_button=&#8221;on&#8221; button_text_color=&#8221;#ffffff&#8221; button_bg_color=&#8221;#edbb5f&#8221; button_border_width=&#8221;0px&#8221; button_border_radius=&#8221;0px&#8221; button_letter_spacing=&#8221;1px&#8221; button_font=&#8221;Saira Extra Condensed|600||on|||||&#8221; button_icon=&#8221;%%3%%&#8221; custom_margin=&#8221;|||&#8221; custom_padding=&#8221;|||&#8221; saved_tabs=&#8221;all&#8221; button_letter_spacing_hover=&#8221;1px&#8221;][et_pb_contact_field field_id=&#8221;Name&#8221; field_title=&#8221;Nom&#8221; fullwidth_field=&#8221;on&#8221; _builder_version=&#8221;3.16&#8243; form_field_font=&#8221;||||||||&#8221; custom_margin=&#8221;||20px|&#8221; custom_margin_tablet=&#8221;||20px|&#8221; custom_margin_phone=&#8221;||20px|&#8221; button_text_size__hover_enabled=&#8221;off&#8221; button_one_text_size__hover_enabled=&#8221;off&#8221; button_two_text_size__hover_enabled=&#8221;off&#8221; button_text_color__hover_enabled=&#8221;off&#8221; button_one_text_color__hover_enabled=&#8221;off&#8221; button_two_text_color__hover_enabled=&#8221;off&#8221; button_border_width__hover_enabled=&#8221;off&#8221; button_one_border_width__hover_enabled=&#8221;off&#8221; button_two_border_width__hover_enabled=&#8221;off&#8221; button_border_color__hover_enabled=&#8221;off&#8221; button_one_border_color__hover_enabled=&#8221;off&#8221; button_two_border_color__hover_enabled=&#8221;off&#8221; button_border_radius__hover_enabled=&#8221;off&#8221; button_one_border_radius__hover_enabled=&#8221;off&#8221; button_two_border_radius__hover_enabled=&#8221;off&#8221; button_letter_spacing__hover_enabled=&#8221;off&#8221; button_one_letter_spacing__hover_enabled=&#8221;off&#8221; button_two_letter_spacing__hover_enabled=&#8221;off&#8221; button_bg_color__hover_enabled=&#8221;off&#8221; button_one_bg_color__hover_enabled=&#8221;off&#8221; button_two_bg_color__hover_enabled=&#8221;off&#8221;][\/et_pb_contact_field][et_pb_contact_field field_id=&#8221;Email&#8221; field_title=&#8221;Adresse E-mail&#8221; fullwidth_field=&#8221;on&#8221; _builder_version=&#8221;3.16&#8243; form_field_font=&#8221;||||||||&#8221; custom_margin=&#8221;||20px|&#8221; custom_margin_tablet=&#8221;||20px|&#8221; custom_margin_phone=&#8221;||20px|&#8221; button_text_size__hover_enabled=&#8221;off&#8221; button_one_text_size__hover_enabled=&#8221;off&#8221; button_two_text_size__hover_enabled=&#8221;off&#8221; button_text_color__hover_enabled=&#8221;off&#8221; button_one_text_color__hover_enabled=&#8221;off&#8221; button_two_text_color__hover_enabled=&#8221;off&#8221; button_border_width__hover_enabled=&#8221;off&#8221; button_one_border_width__hover_enabled=&#8221;off&#8221; button_two_border_width__hover_enabled=&#8221;off&#8221; button_border_color__hover_enabled=&#8221;off&#8221; button_one_border_color__hover_enabled=&#8221;off&#8221; button_two_border_color__hover_enabled=&#8221;off&#8221; button_border_radius__hover_enabled=&#8221;off&#8221; button_one_border_radius__hover_enabled=&#8221;off&#8221; button_two_border_radius__hover_enabled=&#8221;off&#8221; button_letter_spacing__hover_enabled=&#8221;off&#8221; button_one_letter_spacing__hover_enabled=&#8221;off&#8221; button_two_letter_spacing__hover_enabled=&#8221;off&#8221; button_bg_color__hover_enabled=&#8221;off&#8221; button_one_bg_color__hover_enabled=&#8221;off&#8221; button_two_bg_color__hover_enabled=&#8221;off&#8221;][\/et_pb_contact_field][et_pb_contact_field field_id=&#8221;Phone&#8221; field_title=&#8221;T\u00e9l\u00e9phone&#8221; required_mark=&#8221;off&#8221; fullwidth_field=&#8221;on&#8221; _builder_version=&#8221;3.16&#8243; form_field_font=&#8221;||||||||&#8221; custom_margin=&#8221;||20px|&#8221; custom_margin_tablet=&#8221;||20px|&#8221; custom_margin_phone=&#8221;||20px|&#8221; button_text_size__hover_enabled=&#8221;off&#8221; button_one_text_size__hover_enabled=&#8221;off&#8221; button_two_text_size__hover_enabled=&#8221;off&#8221; button_text_color__hover_enabled=&#8221;off&#8221; button_one_text_color__hover_enabled=&#8221;off&#8221; button_two_text_color__hover_enabled=&#8221;off&#8221; button_border_width__hover_enabled=&#8221;off&#8221; button_one_border_width__hover_enabled=&#8221;off&#8221; button_two_border_width__hover_enabled=&#8221;off&#8221; button_border_color__hover_enabled=&#8221;off&#8221; button_one_border_color__hover_enabled=&#8221;off&#8221; button_two_border_color__hover_enabled=&#8221;off&#8221; button_border_radius__hover_enabled=&#8221;off&#8221; button_one_border_radius__hover_enabled=&#8221;off&#8221; button_two_border_radius__hover_enabled=&#8221;off&#8221; button_letter_spacing__hover_enabled=&#8221;off&#8221; button_one_letter_spacing__hover_enabled=&#8221;off&#8221; button_two_letter_spacing__hover_enabled=&#8221;off&#8221; button_bg_color__hover_enabled=&#8221;off&#8221; button_one_bg_color__hover_enabled=&#8221;off&#8221; button_two_bg_color__hover_enabled=&#8221;off&#8221;][\/et_pb_contact_field][et_pb_contact_field field_id=&#8221;Message&#8221; field_title=&#8221;Message&#8221; field_type=&#8221;text&#8221; fullwidth_field=&#8221;on&#8221; field_background_color=&#8221;rgba(12,12,12,0.02)&#8221; _builder_version=&#8221;3.16&#8243; form_field_font=&#8221;||||||||&#8221; border_radii=&#8221;on||||&#8221; border_width_all=&#8221;1px&#8221; custom_margin=&#8221;40px||20px|&#8221; button_text_size__hover_enabled=&#8221;off&#8221; button_one_text_size__hover_enabled=&#8221;off&#8221; button_two_text_size__hover_enabled=&#8221;off&#8221; button_text_color__hover_enabled=&#8221;off&#8221; button_one_text_color__hover_enabled=&#8221;off&#8221; button_two_text_color__hover_enabled=&#8221;off&#8221; button_border_width__hover_enabled=&#8221;off&#8221; button_one_border_width__hover_enabled=&#8221;off&#8221; button_two_border_width__hover_enabled=&#8221;off&#8221; button_border_color__hover_enabled=&#8221;off&#8221; button_one_border_color__hover_enabled=&#8221;off&#8221; button_two_border_color__hover_enabled=&#8221;off&#8221; button_border_radius__hover_enabled=&#8221;off&#8221; button_one_border_radius__hover_enabled=&#8221;off&#8221; button_two_border_radius__hover_enabled=&#8221;off&#8221; button_letter_spacing__hover_enabled=&#8221;off&#8221; button_one_letter_spacing__hover_enabled=&#8221;off&#8221; button_two_letter_spacing__hover_enabled=&#8221;off&#8221; button_bg_color__hover_enabled=&#8221;off&#8221; button_one_bg_color__hover_enabled=&#8221;off&#8221; button_two_bg_color__hover_enabled=&#8221;off&#8221;][\/et_pb_contact_field][\/et_pb_contact_form][\/et_pb_column][et_pb_column type=&#8221;1_2&#8243; _builder_version=&#8221;3.0.47&#8243; padding_top=&#8221;140px&#8221; parallax=&#8221;off&#8221; parallax_method=&#8221;on&#8221;][et_pb_text _builder_version=&#8221;3.17.6&#8243; text_font=&#8221;Poppins|600||on|||||&#8221; text_font_size=&#8221;16px&#8221; text_letter_spacing=&#8221;2px&#8221; text_line_height=&#8221;2em&#8221; background_color=&#8221;#3d3d3d&#8221; border_width_top=&#8221;8px&#8221; border_color_top=&#8221;#edbb5f&#8221; text_orientation=&#8221;center&#8221; background_layout=&#8221;dark&#8221; custom_margin=&#8221;|||&#8221; custom_padding=&#8221;60px|40px|60px|40px&#8221; custom_padding_last_edited=&#8221;off|desktop&#8221; animation_style=&#8221;flip&#8221; animation_delay=&#8221;200ms&#8221; locked=&#8221;off&#8221;]69 Rue de la Croix<br \/>\n30460 LASALLE<br \/>\n06.15.41.56.46<br \/>\ninfo@celosa.fr[\/et_pb_text][\/et_pb_column][\/et_pb_row][\/et_pb_section]<\/p>\n","protected":false},"excerpt":{"rendered":"<p>[et_pb_section fb_built=&#8221;1&#8243; fullwidth=&#8221;on&#8221; admin_label=&#8221;Hero Section&#8221; _builder_version=&#8221;3.17.6&#8243;][et_pb_fullwidth_header subhead=&#8221;Le Vaquier, havre de paix, Parc des C\u00e9vennes.&#8221; background_overlay_color=&#8221;rgba(86,86,86,0.4)&#8221; content_max_width=&#8221;95%&#8221; _builder_version=&#8221;3.17.6&#8243; title_font=&#8221;Poppins|700||on|||||&#8221; title_text_color=&#8221;#edbb5f&#8221; title_font_size=&#8221;14px&#8221; title_letter_spacing=&#8221;2px&#8221; title_line_height=&#8221;1.7em&#8221; content_font=&#8221;Poppins||||||||&#8221; content_font_size=&#8221;16px&#8221; content_letter_spacing=&#8221;1px&#8221; content_line_height=&#8221;2em&#8221; subhead_font=&#8221;Playfair Display|700||on|||||&#8221; subhead_font_size=&#8221;48px&#8221; subhead_letter_spacing=&#8221;3px&#8221; subhead_line_height=&#8221;1.4em&#8221; background_color=&#8221;#7ebec5&#8243; background_image=&#8221;https:\/\/www.celosa.fr\/wp-content\/uploads\/2018\/12\/DSC_2368.jpg&#8221; parallax=&#8221;on&#8221; parallax_method=&#8221;on&#8221; custom_button_two=&#8221;on&#8221; button_two_border_width=&#8221;1px&#8221; button_two_border_color=&#8221;rgba(255,255,255,0.3)&#8221; button_two_border_radius=&#8221;0px&#8221; button_two_letter_spacing=&#8221;1px&#8221; button_two_font=&#8221;Saira Extra Condensed|600||on|||||&#8221; button_two_icon=&#8221;%%3%%&#8221; button_two_icon_color=&#8221;#edbb5f&#8221; custom_button_one=&#8221;on&#8221; button_one_border_width=&#8221;1px&#8221; button_one_border_color=&#8221;rgba(255,255,255,0.3)&#8221; button_one_border_radius=&#8221;0px&#8221; button_one_letter_spacing=&#8221;1px&#8221; button_one_font=&#8221;Saira Extra Condensed|600||on|||||&#8221; button_one_icon=&#8221;%%3%%&#8221; button_one_icon_color=&#8221;#edbb5f&#8221; [&hellip;]<\/p>\n","protected":false},"author":1,"featured_media":0,"parent":0,"menu_order":0,"comment_status":"closed","ping_status":"closed","template":"","meta":[],"_links":{"self":[{"href":"https:\/\/www.celosa.fr\/index.php\/wp-json\/wp\/v2\/pages\/29564"}],"collection":[{"href":"https:\/\/www.celosa.fr\/index.php\/wp-json\/wp\/v2\/pages"}],"about":[{"href":"https:\/\/www.celosa.fr\/index.php\/wp-json\/wp\/v2\/types\/page"}],"author":[{"embeddable":true,"href":"https:\/\/www.celosa.fr\/index.php\/wp-json\/wp\/v2\/users\/1"}],"replies":[{"embeddable":true,"href":"https:\/\/www.celosa.fr\/index.php\/wp-json\/wp\/v2\/comments?post=29564"}],"version-history":[{"count":3,"href":"https:\/\/www.celosa.fr\/index.php\/wp-json\/wp\/v2\/pages\/29564\/revisions"}],"predecessor-version":[{"id":29575,"href":"https:\/\/www.celosa.fr\/index.php\/wp-json\/wp\/v2\/pages\/29564\/revisions\/29575"}],"wp:attachment":[{"href":"https:\/\/www.celosa.fr\/index.php\/wp-json\/wp\/v2\/media?parent=29564"}],"curies":[{"name":"wp","href":"https:\/\/api.w.org\/{rel}","templated":true}]}}