{"id":29609,"date":"2026-03-18T14:11:52","date_gmt":"2026-03-18T13:11:52","guid":{"rendered":"https:\/\/www.celosa.fr\/?page_id=29609"},"modified":"2026-03-18T14:25:14","modified_gmt":"2026-03-18T13:25:14","slug":"maison-cevenole-sur-riviere-lasalle","status":"publish","type":"page","link":"https:\/\/www.celosa.fr\/index.php\/maison-cevenole-sur-riviere-lasalle\/","title":{"rendered":"Maison C\u00e9venole sur rivi\u00e8re Lasalle"},"content":{"rendered":"<p>[et_pb_section fb_built=&#8221;1&#8243; fullwidth=&#8221;on&#8221; admin_label=&#8221;Hero Section&#8221; _builder_version=&#8221;3.17.6&#8243;][et_pb_fullwidth_header subhead=&#8221;Maison C\u00e9venole sur rivi\u00e8re Lasalle&#8221; background_overlay_color=&#8221;rgba(86,86,86,0.4)&#8221; content_max_width=&#8221;95%&#8221; _builder_version=&#8221;3.17.6&#8243; title_font=&#8221;Poppins|700||on|||||&#8221; title_text_color=&#8221;#edbb5f&#8221; title_font_size=&#8221;14px&#8221; title_letter_spacing=&#8221;2px&#8221; title_line_height=&#8221;1.7em&#8221; content_font=&#8221;Poppins||||||||&#8221; content_font_size=&#8221;16px&#8221; content_letter_spacing=&#8221;1px&#8221; content_line_height=&#8221;2em&#8221; subhead_font=&#8221;Playfair Display|700||on|||||&#8221; subhead_font_size=&#8221;48px&#8221; subhead_letter_spacing=&#8221;3px&#8221; subhead_line_height=&#8221;1.4em&#8221; background_color=&#8221;#7ebec5&#8243; background_image=&#8221;https:\/\/www.celosa.fr\/wp-content\/uploads\/2018\/12\/DSC_2368.jpg&#8221; parallax=&#8221;on&#8221; parallax_method=&#8221;on&#8221; custom_button_two=&#8221;on&#8221; button_two_border_width=&#8221;1px&#8221; button_two_border_color=&#8221;rgba(255,255,255,0.3)&#8221; button_two_border_radius=&#8221;0px&#8221; button_two_letter_spacing=&#8221;1px&#8221; button_two_font=&#8221;Saira Extra Condensed|600||on|||||&#8221; button_two_icon=&#8221;%%3%%&#8221; button_two_icon_color=&#8221;#edbb5f&#8221; custom_button_one=&#8221;on&#8221; button_one_border_width=&#8221;1px&#8221; button_one_border_color=&#8221;rgba(255,255,255,0.3)&#8221; button_one_border_radius=&#8221;0px&#8221; button_one_letter_spacing=&#8221;1px&#8221; button_one_font=&#8221;Saira Extra Condensed|600||on|||||&#8221; button_one_icon=&#8221;%%3%%&#8221; button_one_icon_color=&#8221;#edbb5f&#8221; module_alignment=&#8221;right&#8221; custom_margin=&#8221;|||&#8221; custom_padding=&#8221;8%||50px|&#8221; button_one_text_size__hover_enabled=&#8221;off&#8221; button_one_text_size__hover=&#8221;null&#8221; button_two_text_size__hover_enabled=&#8221;off&#8221; button_two_text_size__hover=&#8221;null&#8221; button_one_text_color__hover_enabled=&#8221;on&#8221; button_one_text_color__hover=&#8221;#edbb5f&#8221; button_two_text_color__hover_enabled=&#8221;on&#8221; button_two_text_color__hover=&#8221;#edbb5f&#8221; button_one_border_width__hover_enabled=&#8221;off&#8221; button_one_border_width__hover=&#8221;null&#8221; button_two_border_width__hover_enabled=&#8221;off&#8221; button_two_border_width__hover=&#8221;null&#8221; button_one_border_color__hover_enabled=&#8221;off&#8221; button_one_border_color__hover=&#8221;null&#8221; button_two_border_color__hover_enabled=&#8221;off&#8221; button_two_border_color__hover=&#8221;null&#8221; button_one_border_radius__hover_enabled=&#8221;off&#8221; button_one_border_radius__hover=&#8221;null&#8221; button_two_border_radius__hover_enabled=&#8221;off&#8221; button_two_border_radius__hover=&#8221;null&#8221; button_one_letter_spacing__hover_enabled=&#8221;off&#8221; button_one_letter_spacing__hover=&#8221;null&#8221; button_two_letter_spacing__hover_enabled=&#8221;off&#8221; button_two_letter_spacing__hover=&#8221;null&#8221; button_one_bg_color__hover_enabled=&#8221;on&#8221; button_one_bg_color__hover=&#8221;rgba(0,0,0,0)&#8221; button_two_bg_color__hover_enabled=&#8221;on&#8221; button_two_bg_color__hover=&#8221;rgba(0,0,0,0)&#8221;][\/et_pb_fullwidth_header][\/et_pb_section][et_pb_section fb_built=&#8221;1&#8243; make_fullwidth=&#8221;on&#8221; specialty=&#8221;on&#8221; custom_padding_last_edited=&#8221;on|phone&#8221; _builder_version=&#8221;3.17.6&#8243; custom_padding=&#8221;0px||0px|&#8221;][et_pb_column type=&#8221;1_2&#8243; _builder_version=&#8221;3.0.47&#8243; parallax__hover=&#8221;off&#8221; parallax_method__hover=&#8221;on&#8221; parallax=&#8221;off&#8221; parallax_method=&#8221;on&#8221;][et_pb_slider _builder_version=&#8221;3.17.6&#8243; background_position=&#8221;top_left&#8221; custom_padding=&#8221;70%|0px|70%|0px&#8221; custom_padding_tablet=&#8221;|||&#8221; saved_tabs=&#8221;all&#8221; button_text_size__hover_enabled=&#8221;off&#8221; button_text_size__hover=&#8221;null&#8221; button_one_text_size__hover_enabled=&#8221;off&#8221; button_one_text_size__hover=&#8221;null&#8221; button_two_text_size__hover_enabled=&#8221;off&#8221; button_two_text_size__hover=&#8221;null&#8221; button_text_color__hover_enabled=&#8221;off&#8221; button_text_color__hover=&#8221;null&#8221; button_one_text_color__hover_enabled=&#8221;off&#8221; button_one_text_color__hover=&#8221;null&#8221; button_two_text_color__hover_enabled=&#8221;off&#8221; button_two_text_color__hover=&#8221;null&#8221; button_border_width__hover_enabled=&#8221;off&#8221; button_border_width__hover=&#8221;null&#8221; button_one_border_width__hover_enabled=&#8221;off&#8221; button_one_border_width__hover=&#8221;null&#8221; button_two_border_width__hover_enabled=&#8221;off&#8221; button_two_border_width__hover=&#8221;null&#8221; button_border_color__hover_enabled=&#8221;off&#8221; button_border_color__hover=&#8221;null&#8221; button_one_border_color__hover_enabled=&#8221;off&#8221; button_one_border_color__hover=&#8221;null&#8221; button_two_border_color__hover_enabled=&#8221;off&#8221; button_two_border_color__hover=&#8221;null&#8221; button_border_radius__hover_enabled=&#8221;off&#8221; button_border_radius__hover=&#8221;null&#8221; button_one_border_radius__hover_enabled=&#8221;off&#8221; button_one_border_radius__hover=&#8221;null&#8221; button_two_border_radius__hover_enabled=&#8221;off&#8221; button_two_border_radius__hover=&#8221;null&#8221; button_letter_spacing__hover_enabled=&#8221;on&#8221; button_letter_spacing__hover=&#8221;0&#8243; button_one_letter_spacing__hover_enabled=&#8221;off&#8221; button_one_letter_spacing__hover=&#8221;null&#8221; button_two_letter_spacing__hover_enabled=&#8221;off&#8221; button_two_letter_spacing__hover=&#8221;null&#8221; button_bg_color__hover_enabled=&#8221;off&#8221; button_bg_color__hover=&#8221;null&#8221; button_one_bg_color__hover_enabled=&#8221;off&#8221; button_one_bg_color__hover=&#8221;null&#8221; button_two_bg_color__hover_enabled=&#8221;off&#8221; button_two_bg_color__hover=&#8221;null&#8221;][et_pb_slide use_bg_overlay=&#8221;off&#8221; use_text_overlay=&#8221;off&#8221; _builder_version=&#8221;3.17.6&#8243; background_color=&#8221;#ffffff&#8221; background_image=&#8221;https:\/\/www.celosa.fr\/wp-content\/uploads\/2026\/03\/54665861-ac6d-4b8b-8307-46434a967454.jpg&#8221; parallax=&#8221;on&#8221; button_on_hover=&#8221;on&#8221;][\/et_pb_slide][et_pb_slide use_bg_overlay=&#8221;off&#8221; use_text_overlay=&#8221;off&#8221; _builder_version=&#8221;3.17.6&#8243; background_color=&#8221;#ffffff&#8221; background_image=&#8221;https:\/\/www.celosa.fr\/wp-content\/uploads\/2026\/03\/d3d90cfb-3a9a-4f1c-8ddb-f4496b8b9f20.jpg&#8221; parallax=&#8221;on&#8221; button_on_hover=&#8221;on&#8221;][\/et_pb_slide][et_pb_slide use_bg_overlay=&#8221;off&#8221; use_text_overlay=&#8221;off&#8221; _builder_version=&#8221;3.17.6&#8243; background_color=&#8221;#ffffff&#8221; background_image=&#8221;https:\/\/www.celosa.fr\/wp-content\/uploads\/2026\/03\/78a5c3a6-cdd3-476d-83d0-2218861679b7.jpg&#8221; parallax=&#8221;on&#8221; button_on_hover=&#8221;on&#8221;][\/et_pb_slide][et_pb_slide use_bg_overlay=&#8221;off&#8221; use_text_overlay=&#8221;off&#8221; _builder_version=&#8221;3.17.6&#8243; background_color=&#8221;#ffffff&#8221; background_image=&#8221;https:\/\/www.celosa.fr\/wp-content\/uploads\/2026\/03\/3e5dccc1-21ab-4575-ac37-0e321debb8c3.jpg&#8221; button_on_hover=&#8221;on&#8221;][\/et_pb_slide][et_pb_slide use_bg_overlay=&#8221;off&#8221; use_text_overlay=&#8221;off&#8221; _builder_version=&#8221;3.17.6&#8243; background_color=&#8221;#ffffff&#8221; background_image=&#8221;https:\/\/www.celosa.fr\/wp-content\/uploads\/2026\/03\/e20578de-d2d2-47ff-a34d-1c139853dbf6.jpg&#8221; button_on_hover=&#8221;on&#8221;][\/et_pb_slide][\/et_pb_slider][\/et_pb_column][et_pb_column type=&#8221;1_2&#8243; specialty_columns=&#8221;2&#8243; _builder_version=&#8221;3.0.47&#8243; parallax__hover=&#8221;off&#8221; parallax_method__hover=&#8221;on&#8221; parallax=&#8221;off&#8221; parallax_method=&#8221;on&#8221;][et_pb_row_inner padding_mobile=&#8221;off&#8221; column_padding_mobile=&#8221;off&#8221; _builder_version=&#8221;3.0.47&#8243;][et_pb_column_inner type=&#8221;4_4&#8243; saved_specialty_column_type=&#8221;1_2&#8243; _builder_version=&#8221;3.0.47&#8243; column_padding_mobile__hover=&#8221;off&#8221; parallax__hover=&#8221;off&#8221; parallax_method__hover=&#8221;on&#8221; column_padding_mobile=&#8221;off&#8221; parallax=&#8221;off&#8221; parallax_method=&#8221;on&#8221;][et_pb_tabs active_tab_background_color=&#8221;#b9c2c9&#8243; inactive_tab_background_color=&#8221;#7b8896&#8243; _builder_version=&#8221;3.17.6&#8243; tab_text_color=&#8221;#ffffff&#8221; tab_text_shadow_style=&#8221;preset1&#8243; border_color_all=&#8221;#ffffff&#8221; custom_css_tabs_controls=&#8221;background-color:#7b8896;&#8221;][et_pb_tab title=&#8221;Description&#8221; _builder_version=&#8221;3.17.6&#8243;]<\/p>\n<p><i class=\"fas fa-users\"><\/i>\u00a05 voyageurs<br \/> <i class=\"fas fa-home\"><\/i>\u00a02 chambres<br \/> <i class=\"fas fa-bed\"><\/i>\u00a02 Lits double + 1 lit simple excamotable<br \/> <i class=\"fas fa-bath\"><\/i>\u00a01 salle de bain<\/p>\n<p><span>Belle maison c\u00e9venole de 80m2, surplombant la rivi\u00e8re et la for\u00eat.<br \/>Jardin de 150m2 et grande terrasse avec acc\u00e8s priv\u00e9 \u00e0 la rivi\u00e8re.<br \/>Les pi\u00e8ces principales ont \u00e9t\u00e9 r\u00e9nov\u00e9es ces 3 derni\u00e8res ann\u00e9es.<br \/>Secteur Cap de Ville \u00e0 800m du c\u0153ur du village.<\/span><\/p>\n<p><span><br \/> <b>Le logement:<\/b><br \/><\/span><\/p>\n<div class=\"gmail_default\">RDC :<\/div>\n<div class=\"gmail_default\">1 pi\u00e8ce de vie d\u2019environ 50m2 avec grande cuisine moderne,<br \/>Coin salon avec canap\u00e9 lit et po\u00eale \u00e0 bois<br \/>Salle \u00e0 manger et coin bureau ainsi que acc\u00e8s au balcon o\u00f9 possibilit\u00e9 de manger \u00e0 4-5 personnes ais\u00e9ment.<br \/>1 WC<br \/>Le tout donnant sur la rivi\u00e8re et le gouffre Mourier avec la for\u00eat en face.<\/p>\n<p>1\u00b0 \u00e9tage, 2 chambres et une salle de bain avec WC.<br \/>Chambre 1 : grande chambre sur rivi\u00e8re avec lit double.<br \/>Chambre 2 : sur rue avec 1 lit double et 1 petit lit 1 place escamotable.<br \/>Les 2 chambres communiquent avec la sdb.<\/p>\n<p>Par un escalier ext\u00e9rieur, vous pouvez descendre \u00e0 la terrasse et au jardin.<br \/>Grande table avec 6 chaises.<br \/>Aux beaux jours nous pouvons mettre \u00e0 disposition un barbecue. C\u2019est du gaz car les feux sont interdits dans toute la r\u00e9gion l\u2019\u00e9t\u00e9 en raison du risque incendie. Nous recommandons la plus grande vigilance.<br \/>Au bout du jardin, un escalier m\u00e8ne directement \u00e0 la rivi\u00e8re. Possibilit\u00e9 de s\u2019installer sur le gros rocher et profiter des baignades au calme.<\/div>\n<p><span>\u00a0<\/span><\/p>\n<p>&nbsp;<\/p>\n<p>[\/et_pb_tab][et_pb_tab title=&#8221;Acc\u00e8s Voyageurs&#8221; _builder_version=&#8221;3.17.6&#8243;]<\/p>\n<p>La maison, installations et jardin sont \u00e0 l&#8217;usage exclusif des voyageurs.<\/p>\n<p>&nbsp;<\/p>\n<p>[\/et_pb_tab][et_pb_tab title=&#8221;\u00c9changes Voyageurs&#8221; _builder_version=&#8221;3.17.6&#8243;]<\/p>\n<p>Luc, co-h\u00f4te, est charg\u00e9 de la communication et de l&#8217;accueil.<\/p>\n<p>&nbsp;<\/p>\n<p>[\/et_pb_tab][et_pb_tab title=&#8221;Tarifs&#8221; _builder_version=&#8221;3.17.6&#8243;]<\/p>\n<p>\u00c0 partir de 88<span style=\"font-size: 14px;\">\u20ac la nuit<\/span><\/p>\n<p>[\/et_pb_tab][et_pb_tab title=&#8221;Equipements&#8221; _builder_version=&#8221;3.17.6&#8243;]<\/p>\n<p><i class=\"fas fa-home\"><\/i> Plaque 4 feux, four, micro-ondes, frigidaire, lave-vaisselle, bouilloire, grille-pain, caf\u00e9 filtre,\u00a0canap\u00e9 convertible, d\u00e9tecteur de fum\u00e9e, trousse premier secours<br \/>\n<i class=\"fas fa-tv\"><\/i> T\u00e9l\u00e9vision<br \/>\n<i class=\"fas fa-fire\"><\/i> Chauffage \u00e9lectrique, po\u00eale \u00e0 bois<br \/>\n<i class=\"fas fa-water\"><\/i> Eau Chaude<br \/>\n<i class=\"fas fa-campground\"><\/i> Espace repas en plein air, table, chaises, parasols, bbq<br \/>\n<i class=\"fas fa-tshirt\"><\/i> Machine \u00e0 laver le linge<br \/>\n<i class=\"fas fa-wifi\"><\/i> Wi-fi[\/et_pb_tab][\/et_pb_tabs][\/et_pb_column_inner][\/et_pb_row_inner][\/et_pb_column][\/et_pb_section][et_pb_section fb_built=&#8221;1&#8243; admin_label=&#8221;Contact&#8221; _builder_version=&#8221;3.17.6&#8243; background_image=&#8221;https:\/\/www.celosa.fr\/wp-content\/uploads\/2018\/11\/consutant-03.jpg&#8221; box_shadow_style=&#8221;preset7&#8243; box_shadow_horizontal=&#8221;0px&#8221; box_shadow_vertical=&#8221;80px&#8221; box_shadow_color=&#8221;#ffffff&#8221; custom_margin=&#8221;|||&#8221; custom_padding=&#8221;0px|0px|0px|0px&#8221;][et_pb_row custom_padding=&#8221;60px|60px|60px|60px&#8221; custom_padding_phone=&#8221;|40px||40px&#8221; custom_margin=&#8221;|||&#8221; custom_padding_last_edited=&#8221;on|phone&#8221; padding_top_2=&#8221;140px&#8221; _builder_version=&#8221;3.0.98&#8243; background_color=&#8221;#ffffff&#8221; box_shadow_style=&#8221;preset3&#8243; box_shadow_vertical=&#8221;15px&#8221; box_shadow_blur=&#8221;80px&#8221; box_shadow_color=&#8221;rgba(0,0,0,0.2)&#8221; animation_style=&#8221;slide&#8221; animation_direction=&#8221;bottom&#8221; animation_duration=&#8221;1500ms&#8221; animation_delay=&#8221;200ms&#8221; animation_intensity_slide=&#8221;10%&#8221; animation_starting_opacity=&#8221;100%&#8221;][et_pb_column type=&#8221;1_2&#8243; _builder_version=&#8221;3.0.47&#8243; parallax=&#8221;off&#8221; parallax_method=&#8221;on&#8221;][et_pb_contact_form captcha=&#8221;off&#8221; email=&#8221;cvnlocationsaisonniere@gmail.com&#8221; title=&#8221;CONTACTEZ-NOUS&#8221; success_message=&#8221;Message Envoy\u00e9, nous vous r\u00e9pondons d\u00e8s que possible.&#8221; submit_button_text=&#8221;Envoyer&#8221; form_background_color=&#8221;#ffffff&#8221; module_id=&#8221;et_pb_contact_form_0&#8243; _builder_version=&#8221;3.17.6&#8243; title_level=&#8221;h2&#8243; title_font=&#8221;Playfair Display|700||on|||||&#8221; title_text_align=&#8221;center&#8221; title_font_size=&#8221;38px&#8221; title_font_size_tablet=&#8221;30px&#8221; title_font_size_last_edited=&#8221;on|tablet&#8221; title_line_height=&#8221;1.4em&#8221; form_field_font=&#8221;Poppins|600||on|||||&#8221; form_field_text_color=&#8221;rgba(0,0,0,0.7)&#8221; form_field_font_size=&#8221;12px&#8221; form_field_letter_spacing=&#8221;2px&#8221; border_color_all=&#8221;#dfdfe3&#8243; border_width_bottom=&#8221;1px&#8221; custom_button=&#8221;on&#8221; button_text_color=&#8221;#ffffff&#8221; button_bg_color=&#8221;#edbb5f&#8221; button_border_width=&#8221;0px&#8221; button_border_radius=&#8221;0px&#8221; button_letter_spacing=&#8221;1px&#8221; button_font=&#8221;Saira Extra Condensed|600||on|||||&#8221; button_icon=&#8221;%%3%%&#8221; custom_margin=&#8221;|||&#8221; custom_padding=&#8221;|||&#8221; saved_tabs=&#8221;all&#8221; button_letter_spacing_hover=&#8221;1px&#8221;][et_pb_contact_field field_id=&#8221;Name&#8221; field_title=&#8221;Nom&#8221; fullwidth_field=&#8221;on&#8221; _builder_version=&#8221;3.16&#8243; form_field_font=&#8221;||||||||&#8221; custom_margin=&#8221;||20px|&#8221; custom_margin_tablet=&#8221;||20px|&#8221; custom_margin_phone=&#8221;||20px|&#8221; button_text_size__hover_enabled=&#8221;off&#8221; button_one_text_size__hover_enabled=&#8221;off&#8221; button_two_text_size__hover_enabled=&#8221;off&#8221; button_text_color__hover_enabled=&#8221;off&#8221; button_one_text_color__hover_enabled=&#8221;off&#8221; button_two_text_color__hover_enabled=&#8221;off&#8221; button_border_width__hover_enabled=&#8221;off&#8221; button_one_border_width__hover_enabled=&#8221;off&#8221; button_two_border_width__hover_enabled=&#8221;off&#8221; button_border_color__hover_enabled=&#8221;off&#8221; button_one_border_color__hover_enabled=&#8221;off&#8221; button_two_border_color__hover_enabled=&#8221;off&#8221; button_border_radius__hover_enabled=&#8221;off&#8221; button_one_border_radius__hover_enabled=&#8221;off&#8221; button_two_border_radius__hover_enabled=&#8221;off&#8221; button_letter_spacing__hover_enabled=&#8221;off&#8221; button_one_letter_spacing__hover_enabled=&#8221;off&#8221; button_two_letter_spacing__hover_enabled=&#8221;off&#8221; button_bg_color__hover_enabled=&#8221;off&#8221; button_one_bg_color__hover_enabled=&#8221;off&#8221; button_two_bg_color__hover_enabled=&#8221;off&#8221;][\/et_pb_contact_field][et_pb_contact_field field_id=&#8221;Email&#8221; field_title=&#8221;Adresse E-mail&#8221; fullwidth_field=&#8221;on&#8221; _builder_version=&#8221;3.16&#8243; form_field_font=&#8221;||||||||&#8221; custom_margin=&#8221;||20px|&#8221; custom_margin_tablet=&#8221;||20px|&#8221; custom_margin_phone=&#8221;||20px|&#8221; button_text_size__hover_enabled=&#8221;off&#8221; button_one_text_size__hover_enabled=&#8221;off&#8221; button_two_text_size__hover_enabled=&#8221;off&#8221; button_text_color__hover_enabled=&#8221;off&#8221; button_one_text_color__hover_enabled=&#8221;off&#8221; button_two_text_color__hover_enabled=&#8221;off&#8221; button_border_width__hover_enabled=&#8221;off&#8221; button_one_border_width__hover_enabled=&#8221;off&#8221; button_two_border_width__hover_enabled=&#8221;off&#8221; button_border_color__hover_enabled=&#8221;off&#8221; button_one_border_color__hover_enabled=&#8221;off&#8221; button_two_border_color__hover_enabled=&#8221;off&#8221; button_border_radius__hover_enabled=&#8221;off&#8221; button_one_border_radius__hover_enabled=&#8221;off&#8221; button_two_border_radius__hover_enabled=&#8221;off&#8221; button_letter_spacing__hover_enabled=&#8221;off&#8221; button_one_letter_spacing__hover_enabled=&#8221;off&#8221; button_two_letter_spacing__hover_enabled=&#8221;off&#8221; button_bg_color__hover_enabled=&#8221;off&#8221; button_one_bg_color__hover_enabled=&#8221;off&#8221; button_two_bg_color__hover_enabled=&#8221;off&#8221;][\/et_pb_contact_field][et_pb_contact_field field_id=&#8221;Phone&#8221; field_title=&#8221;T\u00e9l\u00e9phone&#8221; required_mark=&#8221;off&#8221; fullwidth_field=&#8221;on&#8221; _builder_version=&#8221;3.16&#8243; form_field_font=&#8221;||||||||&#8221; custom_margin=&#8221;||20px|&#8221; custom_margin_tablet=&#8221;||20px|&#8221; custom_margin_phone=&#8221;||20px|&#8221; button_text_size__hover_enabled=&#8221;off&#8221; button_one_text_size__hover_enabled=&#8221;off&#8221; button_two_text_size__hover_enabled=&#8221;off&#8221; button_text_color__hover_enabled=&#8221;off&#8221; button_one_text_color__hover_enabled=&#8221;off&#8221; button_two_text_color__hover_enabled=&#8221;off&#8221; button_border_width__hover_enabled=&#8221;off&#8221; button_one_border_width__hover_enabled=&#8221;off&#8221; button_two_border_width__hover_enabled=&#8221;off&#8221; button_border_color__hover_enabled=&#8221;off&#8221; button_one_border_color__hover_enabled=&#8221;off&#8221; button_two_border_color__hover_enabled=&#8221;off&#8221; button_border_radius__hover_enabled=&#8221;off&#8221; button_one_border_radius__hover_enabled=&#8221;off&#8221; button_two_border_radius__hover_enabled=&#8221;off&#8221; button_letter_spacing__hover_enabled=&#8221;off&#8221; button_one_letter_spacing__hover_enabled=&#8221;off&#8221; button_two_letter_spacing__hover_enabled=&#8221;off&#8221; button_bg_color__hover_enabled=&#8221;off&#8221; button_one_bg_color__hover_enabled=&#8221;off&#8221; button_two_bg_color__hover_enabled=&#8221;off&#8221;][\/et_pb_contact_field][et_pb_contact_field field_id=&#8221;Message&#8221; field_title=&#8221;Message&#8221; field_type=&#8221;text&#8221; fullwidth_field=&#8221;on&#8221; field_background_color=&#8221;rgba(12,12,12,0.02)&#8221; _builder_version=&#8221;3.16&#8243; form_field_font=&#8221;||||||||&#8221; border_radii=&#8221;on||||&#8221; border_width_all=&#8221;1px&#8221; custom_margin=&#8221;40px||20px|&#8221; button_text_size__hover_enabled=&#8221;off&#8221; button_one_text_size__hover_enabled=&#8221;off&#8221; button_two_text_size__hover_enabled=&#8221;off&#8221; button_text_color__hover_enabled=&#8221;off&#8221; button_one_text_color__hover_enabled=&#8221;off&#8221; button_two_text_color__hover_enabled=&#8221;off&#8221; button_border_width__hover_enabled=&#8221;off&#8221; button_one_border_width__hover_enabled=&#8221;off&#8221; button_two_border_width__hover_enabled=&#8221;off&#8221; button_border_color__hover_enabled=&#8221;off&#8221; button_one_border_color__hover_enabled=&#8221;off&#8221; button_two_border_color__hover_enabled=&#8221;off&#8221; button_border_radius__hover_enabled=&#8221;off&#8221; button_one_border_radius__hover_enabled=&#8221;off&#8221; button_two_border_radius__hover_enabled=&#8221;off&#8221; button_letter_spacing__hover_enabled=&#8221;off&#8221; button_one_letter_spacing__hover_enabled=&#8221;off&#8221; button_two_letter_spacing__hover_enabled=&#8221;off&#8221; button_bg_color__hover_enabled=&#8221;off&#8221; button_one_bg_color__hover_enabled=&#8221;off&#8221; button_two_bg_color__hover_enabled=&#8221;off&#8221;][\/et_pb_contact_field][\/et_pb_contact_form][\/et_pb_column][et_pb_column type=&#8221;1_2&#8243; _builder_version=&#8221;3.0.47&#8243; padding_top=&#8221;140px&#8221; parallax=&#8221;off&#8221; parallax_method=&#8221;on&#8221;][et_pb_text _builder_version=&#8221;3.17.6&#8243; text_font=&#8221;Poppins|600||on|||||&#8221; text_font_size=&#8221;16px&#8221; text_letter_spacing=&#8221;2px&#8221; text_line_height=&#8221;2em&#8221; background_color=&#8221;#3d3d3d&#8221; border_width_top=&#8221;8px&#8221; border_color_top=&#8221;#edbb5f&#8221; text_orientation=&#8221;center&#8221; background_layout=&#8221;dark&#8221; custom_margin=&#8221;|||&#8221; custom_padding=&#8221;60px|40px|60px|40px&#8221; custom_padding_last_edited=&#8221;off|desktop&#8221; animation_style=&#8221;flip&#8221; animation_delay=&#8221;200ms&#8221; locked=&#8221;off&#8221;]69 Rue de la Croix<br \/>\n30460 LASALLE<br \/>\n06.15.41.56.46<br \/>\ninfo@celosa.fr[\/et_pb_text][\/et_pb_column][\/et_pb_row][\/et_pb_section]<\/p>\n","protected":false},"excerpt":{"rendered":"<p>[et_pb_section fb_built=&#8221;1&#8243; fullwidth=&#8221;on&#8221; admin_label=&#8221;Hero Section&#8221; _builder_version=&#8221;3.17.6&#8243;][et_pb_fullwidth_header subhead=&#8221;Maison C\u00e9venole sur rivi\u00e8re Lasalle&#8221; background_overlay_color=&#8221;rgba(86,86,86,0.4)&#8221; content_max_width=&#8221;95%&#8221; _builder_version=&#8221;3.17.6&#8243; title_font=&#8221;Poppins|700||on|||||&#8221; title_text_color=&#8221;#edbb5f&#8221; title_font_size=&#8221;14px&#8221; title_letter_spacing=&#8221;2px&#8221; title_line_height=&#8221;1.7em&#8221; content_font=&#8221;Poppins||||||||&#8221; content_font_size=&#8221;16px&#8221; content_letter_spacing=&#8221;1px&#8221; content_line_height=&#8221;2em&#8221; subhead_font=&#8221;Playfair Display|700||on|||||&#8221; subhead_font_size=&#8221;48px&#8221; subhead_letter_spacing=&#8221;3px&#8221; subhead_line_height=&#8221;1.4em&#8221; background_color=&#8221;#7ebec5&#8243; background_image=&#8221;https:\/\/www.celosa.fr\/wp-content\/uploads\/2018\/12\/DSC_2368.jpg&#8221; parallax=&#8221;on&#8221; parallax_method=&#8221;on&#8221; custom_button_two=&#8221;on&#8221; button_two_border_width=&#8221;1px&#8221; button_two_border_color=&#8221;rgba(255,255,255,0.3)&#8221; button_two_border_radius=&#8221;0px&#8221; button_two_letter_spacing=&#8221;1px&#8221; button_two_font=&#8221;Saira Extra Condensed|600||on|||||&#8221; button_two_icon=&#8221;%%3%%&#8221; button_two_icon_color=&#8221;#edbb5f&#8221; custom_button_one=&#8221;on&#8221; button_one_border_width=&#8221;1px&#8221; button_one_border_color=&#8221;rgba(255,255,255,0.3)&#8221; button_one_border_radius=&#8221;0px&#8221; button_one_letter_spacing=&#8221;1px&#8221; button_one_font=&#8221;Saira Extra Condensed|600||on|||||&#8221; button_one_icon=&#8221;%%3%%&#8221; button_one_icon_color=&#8221;#edbb5f&#8221; module_alignment=&#8221;right&#8221; custom_margin=&#8221;|||&#8221; custom_padding=&#8221;8%||50px|&#8221; [&hellip;]<\/p>\n","protected":false},"author":1,"featured_media":0,"parent":0,"menu_order":0,"comment_status":"closed","ping_status":"closed","template":"","meta":[],"_links":{"self":[{"href":"https:\/\/www.celosa.fr\/index.php\/wp-json\/wp\/v2\/pages\/29609"}],"collection":[{"href":"https:\/\/www.celosa.fr\/index.php\/wp-json\/wp\/v2\/pages"}],"about":[{"href":"https:\/\/www.celosa.fr\/index.php\/wp-json\/wp\/v2\/types\/page"}],"author":[{"embeddable":true,"href":"https:\/\/www.celosa.fr\/index.php\/wp-json\/wp\/v2\/users\/1"}],"replies":[{"embeddable":true,"href":"https:\/\/www.celosa.fr\/index.php\/wp-json\/wp\/v2\/comments?post=29609"}],"version-history":[{"count":2,"href":"https:\/\/www.celosa.fr\/index.php\/wp-json\/wp\/v2\/pages\/29609\/revisions"}],"predecessor-version":[{"id":29618,"href":"https:\/\/www.celosa.fr\/index.php\/wp-json\/wp\/v2\/pages\/29609\/revisions\/29618"}],"wp:attachment":[{"href":"https:\/\/www.celosa.fr\/index.php\/wp-json\/wp\/v2\/media?parent=29609"}],"curies":[{"name":"wp","href":"https:\/\/api.w.org\/{rel}","templated":true}]}}